{"id":63,"date":"2020-07-03T18:03:38","date_gmt":"2020-07-03T16:03:38","guid":{"rendered":"https:\/\/test.montessori-baden-wuerttemberg.de\/?page_id=63"},"modified":"2025-12-29T10:39:43","modified_gmt":"2025-12-29T09:39:43","slug":"arbeitskreise","status":"publish","type":"page","link":"https:\/\/www.montessori-baden-wuerttemberg.de\/index.php\/arbeitskreise\/","title":{"rendered":"Arbeitskreise"},"content":{"rendered":"\t\t<div data-elementor-type=\"wp-page\" data-elementor-id=\"63\" class=\"elementor elementor-63\">\n\t\t\t\t\t\t<section class=\"elementor-section elementor-top-section elementor-element elementor-element-08f3269 elementor-section-boxed elementor-section-height-default elementor-section-height-default\" data-id=\"08f3269\" data-element_type=\"section\">\n\t\t\t\t\t\t<div class=\"elementor-container elementor-column-gap-default\">\n\t\t\t\t\t<div class=\"elementor-column elementor-col-100 elementor-top-column elementor-element elementor-element-86d1106\" data-id=\"86d1106\" data-element_type=\"column\">\n\t\t\t<div class=\"elementor-widget-wrap elementor-element-populated\">\n\t\t\t\t\t\t<div class=\"elementor-element elementor-element-11662e4 elementor-widget elementor-widget-heading\" data-id=\"11662e4\" data-element_type=\"widget\" data-widget_type=\"heading.default\">\n\t\t\t\t<div class=\"elementor-widget-container\">\n\t\t\t\t\t<h2 class=\"elementor-heading-title elementor-size-default\">M\u00f6glichkeit zum Austausch  in Videokonferenzen<\/h2>\t\t\t\t<\/div>\n\t\t\t\t<\/div>\n\t\t\t\t\t<\/div>\n\t\t<\/div>\n\t\t\t\t\t<\/div>\n\t\t<\/section>\n\t\t\t\t<section class=\"elementor-section elementor-top-section elementor-element elementor-element-e62539a elementor-section-boxed elementor-section-height-default elementor-section-height-default\" data-id=\"e62539a\" data-element_type=\"section\">\n\t\t\t\t\t\t<div class=\"elementor-container elementor-column-gap-default\">\n\t\t\t\t\t<div class=\"elementor-column elementor-col-100 elementor-top-column elementor-element elementor-element-f932d18\" data-id=\"f932d18\" data-element_type=\"column\">\n\t\t\t<div class=\"elementor-widget-wrap elementor-element-populated\">\n\t\t\t\t\t\t<div class=\"elementor-element elementor-element-df6dcc3 elementor-widget elementor-widget-spacer\" data-id=\"df6dcc3\" data-element_type=\"widget\" data-widget_type=\"spacer.default\">\n\t\t\t\t<div class=\"elementor-widget-container\">\n\t\t\t\t\t\t\t<div class=\"elementor-spacer\">\n\t\t\t<div class=\"elementor-spacer-inner\"><\/div>\n\t\t<\/div>\n\t\t\t\t\t\t<\/div>\n\t\t\t\t<\/div>\n\t\t\t\t\t<\/div>\n\t\t<\/div>\n\t\t\t\t\t<\/div>\n\t\t<\/section>\n\t\t\t\t<section class=\"elementor-section elementor-top-section elementor-element elementor-element-511af38 elementor-section-boxed elementor-section-height-default elementor-section-height-default\" data-id=\"511af38\" data-element_type=\"section\">\n\t\t\t\t\t\t<div class=\"elementor-container elementor-column-gap-default\">\n\t\t\t\t\t<div class=\"elementor-column elementor-col-100 elementor-top-column elementor-element elementor-element-5e39a2b\" data-id=\"5e39a2b\" data-element_type=\"column\">\n\t\t\t<div class=\"elementor-widget-wrap elementor-element-populated\">\n\t\t\t\t\t\t<div class=\"elementor-element elementor-element-d16e1f2 elementor-widget elementor-widget-text-editor\" data-id=\"d16e1f2\" data-element_type=\"widget\" data-widget_type=\"text-editor.default\">\n\t\t\t\t<div class=\"elementor-widget-container\">\n\t\t\t\t\t\t\t\t\t<h3 style=\"text-align: center;\"><span style=\"color: #ff0000;\">\u00a0Regelm\u00e4\u00dfige Vernetzungstreffen online <\/span><\/h3><h3 style=\"text-align: center;\"><span style=\"color: #ff0000;\">f\u00fcr den Elementarbereich, die Grundschule\u00a0 und die Sekundarstufe &#8211;\u00a0 <br \/><\/span><\/h3><h3 style=\"text-align: center;\"><span style=\"color: #ff0000;\">organisiert von Montessori Deutschland<\/span><\/h3>\t\t\t\t\t\t\t\t<\/div>\n\t\t\t\t<\/div>\n\t\t\t\t\t<\/div>\n\t\t<\/div>\n\t\t\t\t\t<\/div>\n\t\t<\/section>\n\t\t\t\t<section class=\"elementor-section elementor-top-section elementor-element elementor-element-68cde30 elementor-section-boxed elementor-section-height-default elementor-section-height-default\" data-id=\"68cde30\" data-element_type=\"section\">\n\t\t\t\t\t\t<div class=\"elementor-container elementor-column-gap-default\">\n\t\t\t\t\t<div class=\"elementor-column elementor-col-100 elementor-top-column elementor-element elementor-element-2a87a64\" data-id=\"2a87a64\" data-element_type=\"column\">\n\t\t\t<div class=\"elementor-widget-wrap elementor-element-populated\">\n\t\t\t\t\t\t<div class=\"elementor-element elementor-element-0a057e1 elementor-widget elementor-widget-spacer\" data-id=\"0a057e1\" data-element_type=\"widget\" data-widget_type=\"spacer.default\">\n\t\t\t\t<div class=\"elementor-widget-container\">\n\t\t\t\t\t\t\t<div class=\"elementor-spacer\">\n\t\t\t<div class=\"elementor-spacer-inner\"><\/div>\n\t\t<\/div>\n\t\t\t\t\t\t<\/div>\n\t\t\t\t<\/div>\n\t\t\t\t\t<\/div>\n\t\t<\/div>\n\t\t\t\t\t<\/div>\n\t\t<\/section>\n\t\t\t\t<section class=\"elementor-section elementor-top-section elementor-element elementor-element-c46377e elementor-section-boxed elementor-section-height-default elementor-section-height-default\" data-id=\"c46377e\" data-element_type=\"section\">\n\t\t\t\t\t\t<div class=\"elementor-container elementor-column-gap-default\">\n\t\t\t\t\t<div class=\"elementor-column elementor-col-100 elementor-top-column elementor-element elementor-element-9950647\" data-id=\"9950647\" data-element_type=\"column\">\n\t\t\t<div class=\"elementor-widget-wrap elementor-element-populated\">\n\t\t\t\t\t\t<div class=\"elementor-element elementor-element-07f68ef elementor-widget elementor-widget-text-editor\" data-id=\"07f68ef\" data-element_type=\"widget\" data-widget_type=\"text-editor.default\">\n\t\t\t\t<div class=\"elementor-widget-container\">\n\t\t\t\t\t\t\t\t\t<p><span style=\"color: #808080;\">Eine zeitgem\u00e4\u00dfe Montessori-P\u00e4dagogik als Einzelk\u00e4mpfer*in zu realisieren, ist nicht m\u00f6glich. Austausch und Vernetzung dienen dazu, Chancen zu erkennen, Probleme l\u00f6sungsorientiert anzugehen,\u00a0 und &#8211; verk\u00fcrzt gesagt &#8211; &#8222;input&#8220; f\u00fcr die allt\u00e4gliche Praxis zu bekommen.<\/span><\/p><p>\u00a0<\/p><p><span style=\"color: #808080;\">Es gibt verschiedene Anlaufstellen und Gelegenheiten, Gleichgesinnte zu finden, um voneinander zu profitieren. Da sich jedoch die meisten der <em>vor<\/em> Corona stattfindenden Arbeitsgruppen immer noch nicht regelm\u00e4\u00dfig in Pr\u00e4senz treffen, <strong>hat <em>Montessori Deutschland<\/em> im vergangenen Jahr eine beeindruckende Vielzahl an Vernetzungsm\u00f6glichkeiten organisiert<\/strong>. <\/span><\/p><p>\u00a0<\/p><p><span style=\"color: #808080;\">Etabliert haben sich unter anderem <strong>Vernetzungstreffen per Videokonferenz f\u00fcr den Elementarbereich (1. Entwicklungsphase), f\u00fcr die Grundschule (2. Entwicklungsphase) und f\u00fcr die Sekundarstufe (3. Entwicklungsphase).<\/strong> Die einzelnen Inhalte und Termine der Vernetzungstreffen finden Sie im <a href=\"https:\/\/www.montessori-deutschland.de\/veranstaltungen\/\"><strong><span style=\"text-decoration: underline;\"><span style=\"color: #ff9900; text-decoration: underline;\">Veranstaltungskalender<\/span><\/span><\/strong><\/a> von <em>Montessori Deutschland.<\/em><\/span><\/p><p>\u00a0<\/p><p><span style=\"color: #808080;\">Mit dem <span style=\"text-decoration: underline;\"><strong><span style=\"color: #ff9900;\"><a style=\"color: #ff9900; text-decoration: underline;\" href=\"https:\/\/www.montessori-deutschland.de\/newsletter\/\"><em>Montessori Deutschland<\/em>-Newsletter<\/a><\/span><\/strong><\/span> erhalten Sie regelm\u00e4\u00dfig aktuelle Informationen zur Arbeit von <em>Montessori Deutschland<\/em>, zu anstehenden Veranstaltungen und zu weiteren Neuigkeiten.<\/span><\/p>\t\t\t\t\t\t\t\t<\/div>\n\t\t\t\t<\/div>\n\t\t\t\t\t<\/div>\n\t\t<\/div>\n\t\t\t\t\t<\/div>\n\t\t<\/section>\n\t\t\t\t<section class=\"elementor-section elementor-top-section elementor-element elementor-element-ee72371 elementor-section-boxed elementor-section-height-default elementor-section-height-default\" data-id=\"ee72371\" data-element_type=\"section\">\n\t\t\t\t\t\t<div class=\"elementor-container elementor-column-gap-default\">\n\t\t\t\t\t<div class=\"elementor-column elementor-col-100 elementor-top-column elementor-element elementor-element-0b87b21\" data-id=\"0b87b21\" data-element_type=\"column\">\n\t\t\t<div class=\"elementor-widget-wrap elementor-element-populated\">\n\t\t\t\t\t\t<div class=\"elementor-element elementor-element-1151e77 elementor-widget-divider--view-line elementor-widget elementor-widget-divider\" data-id=\"1151e77\" data-element_type=\"widget\" data-widget_type=\"divider.default\">\n\t\t\t\t<div class=\"elementor-widget-container\">\n\t\t\t\t\t\t\t<div class=\"elementor-divider\">\n\t\t\t<span class=\"elementor-divider-separator\">\n\t\t\t\t\t\t<\/span>\n\t\t<\/div>\n\t\t\t\t\t\t<\/div>\n\t\t\t\t<\/div>\n\t\t\t\t\t<\/div>\n\t\t<\/div>\n\t\t\t\t\t<\/div>\n\t\t<\/section>\n\t\t\t\t<section class=\"elementor-section elementor-top-section elementor-element elementor-element-a2490d8 elementor-section-boxed elementor-section-height-default elementor-section-height-default\" data-id=\"a2490d8\" data-element_type=\"section\">\n\t\t\t\t\t\t<div class=\"elementor-container elementor-column-gap-default\">\n\t\t\t\t\t<div class=\"elementor-column elementor-col-100 elementor-top-column elementor-element elementor-element-3457897\" data-id=\"3457897\" data-element_type=\"column\">\n\t\t\t<div class=\"elementor-widget-wrap elementor-element-populated\">\n\t\t\t\t\t\t<div class=\"elementor-element elementor-element-de8c504 elementor-widget elementor-widget-spacer\" data-id=\"de8c504\" data-element_type=\"widget\" data-widget_type=\"spacer.default\">\n\t\t\t\t<div class=\"elementor-widget-container\">\n\t\t\t\t\t\t\t<div class=\"elementor-spacer\">\n\t\t\t<div class=\"elementor-spacer-inner\"><\/div>\n\t\t<\/div>\n\t\t\t\t\t\t<\/div>\n\t\t\t\t<\/div>\n\t\t\t\t\t<\/div>\n\t\t<\/div>\n\t\t\t\t\t<\/div>\n\t\t<\/section>\n\t\t\t\t<section class=\"elementor-section elementor-top-section elementor-element elementor-element-2fe0d6e elementor-section-boxed elementor-section-height-default elementor-section-height-default\" data-id=\"2fe0d6e\" data-element_type=\"section\">\n\t\t\t\t\t\t<div class=\"elementor-container elementor-column-gap-default\">\n\t\t\t\t\t<div class=\"elementor-column elementor-col-100 elementor-top-column elementor-element elementor-element-020329d\" data-id=\"020329d\" data-element_type=\"column\">\n\t\t\t<div class=\"elementor-widget-wrap elementor-element-populated\">\n\t\t\t\t\t\t<div class=\"elementor-element elementor-element-13a4df1 elementor-widget elementor-widget-heading\" data-id=\"13a4df1\" data-element_type=\"widget\" data-widget_type=\"heading.default\">\n\t\t\t\t<div class=\"elementor-widget-container\">\n\t\t\t\t\t<h2 class=\"elementor-heading-title elementor-size-default\">Arbeitskreise in BW (Pr\u00e4senzveranstaltungen) <\/h2>\t\t\t\t<\/div>\n\t\t\t\t<\/div>\n\t\t\t\t\t<\/div>\n\t\t<\/div>\n\t\t\t\t\t<\/div>\n\t\t<\/section>\n\t\t\t\t<section class=\"elementor-section elementor-top-section elementor-element elementor-element-4e6ae5f elementor-section-boxed elementor-section-height-default elementor-section-height-default\" data-id=\"4e6ae5f\" data-element_type=\"section\">\n\t\t\t\t\t\t<div class=\"elementor-container elementor-column-gap-default\">\n\t\t\t\t\t<div class=\"elementor-column elementor-col-100 elementor-top-column elementor-element elementor-element-7fe6ad8\" data-id=\"7fe6ad8\" data-element_type=\"column\">\n\t\t\t<div class=\"elementor-widget-wrap elementor-element-populated\">\n\t\t\t\t\t\t<section class=\"elementor-section elementor-inner-section elementor-element elementor-element-30082aa elementor-section-boxed elementor-section-height-default elementor-section-height-default\" data-id=\"30082aa\" data-element_type=\"section\">\n\t\t\t\t\t\t<div class=\"elementor-container elementor-column-gap-default\">\n\t\t\t\t\t<div class=\"elementor-column elementor-col-50 elementor-inner-column elementor-element elementor-element-8a33660\" data-id=\"8a33660\" data-element_type=\"column\">\n\t\t\t<div class=\"elementor-widget-wrap elementor-element-populated\">\n\t\t\t\t\t\t<div class=\"elementor-element elementor-element-7fc6164 elementor-widget elementor-widget-image\" data-id=\"7fc6164\" data-element_type=\"widget\" data-widget_type=\"image.default\">\n\t\t\t\t<div class=\"elementor-widget-container\">\n\t\t\t\t\t\t\t\t\t\t\t\t\t\t\t\t<a href=\"https:\/\/www.montessori-baden-wuerttemberg.de\/wp-content\/uploads\/2020\/07\/Basteln-Arbeitskreis-1-scaled.jpg\" data-elementor-open-lightbox=\"yes\" data-e-action-hash=\"#elementor-action%3Aaction%3Dlightbox%26settings%3DeyJpZCI6NDA2LCJ1cmwiOiJodHRwczpcL1wvd3d3Lm1vbnRlc3NvcmktYmFkZW4td3VlcnR0ZW1iZXJnLmRlXC93cC1jb250ZW50XC91cGxvYWRzXC8yMDIwXC8wN1wvQmFzdGVsbi1BcmJlaXRza3JlaXMtMS1zY2FsZWQuanBnIn0%3D\">\n\t\t\t\t\t\t\t<img fetchpriority=\"high\" decoding=\"async\" width=\"1024\" height=\"769\" src=\"https:\/\/www.montessori-baden-wuerttemberg.de\/wp-content\/uploads\/2020\/07\/Basteln-Arbeitskreis-1-1024x769.jpg\" class=\"attachment-large size-large wp-image-406\" alt=\"\" srcset=\"https:\/\/www.montessori-baden-wuerttemberg.de\/wp-content\/uploads\/2020\/07\/Basteln-Arbeitskreis-1-1024x769.jpg 1024w, https:\/\/www.montessori-baden-wuerttemberg.de\/wp-content\/uploads\/2020\/07\/Basteln-Arbeitskreis-1-300x225.jpg 300w, https:\/\/www.montessori-baden-wuerttemberg.de\/wp-content\/uploads\/2020\/07\/Basteln-Arbeitskreis-1-768x577.jpg 768w, https:\/\/www.montessori-baden-wuerttemberg.de\/wp-content\/uploads\/2020\/07\/Basteln-Arbeitskreis-1-1536x1153.jpg 1536w, https:\/\/www.montessori-baden-wuerttemberg.de\/wp-content\/uploads\/2020\/07\/Basteln-Arbeitskreis-1-2048x1537.jpg 2048w, https:\/\/www.montessori-baden-wuerttemberg.de\/wp-content\/uploads\/2020\/07\/Basteln-Arbeitskreis-1-830x623.jpg 830w, https:\/\/www.montessori-baden-wuerttemberg.de\/wp-content\/uploads\/2020\/07\/Basteln-Arbeitskreis-1-230x173.jpg 230w, https:\/\/www.montessori-baden-wuerttemberg.de\/wp-content\/uploads\/2020\/07\/Basteln-Arbeitskreis-1-350x263.jpg 350w, https:\/\/www.montessori-baden-wuerttemberg.de\/wp-content\/uploads\/2020\/07\/Basteln-Arbeitskreis-1-480x360.jpg 480w\" sizes=\"(max-width: 1024px) 100vw, 1024px\" \/>\t\t\t\t\t\t\t\t<\/a>\n\t\t\t\t\t\t\t\t\t\t\t\t\t\t\t<\/div>\n\t\t\t\t<\/div>\n\t\t\t\t\t<\/div>\n\t\t<\/div>\n\t\t\t\t<div class=\"elementor-column elementor-col-50 elementor-inner-column elementor-element elementor-element-eeb06be\" data-id=\"eeb06be\" data-element_type=\"column\">\n\t\t\t<div class=\"elementor-widget-wrap elementor-element-populated\">\n\t\t\t\t\t\t<div class=\"elementor-element elementor-element-8782c23 elementor-widget elementor-widget-image\" data-id=\"8782c23\" data-element_type=\"widget\" data-widget_type=\"image.default\">\n\t\t\t\t<div class=\"elementor-widget-container\">\n\t\t\t\t\t\t\t\t\t\t\t\t\t\t\t\t<a href=\"https:\/\/www.montessori-baden-wuerttemberg.de\/wp-content\/uploads\/2020\/09\/Basteln-1-1024x769-1.jpg\" data-elementor-open-lightbox=\"yes\" data-e-action-hash=\"#elementor-action%3Aaction%3Dlightbox%26settings%3DeyJpZCI6MTU3MywidXJsIjoiaHR0cHM6XC9cL3d3dy5tb250ZXNzb3JpLWJhZGVuLXd1ZXJ0dGVtYmVyZy5kZVwvd3AtY29udGVudFwvdXBsb2Fkc1wvMjAyMFwvMDlcL0Jhc3RlbG4tMS0xMDI0eDc2OS0xLmpwZyJ9\">\n\t\t\t\t\t\t\t<img decoding=\"async\" width=\"1024\" height=\"769\" src=\"https:\/\/www.montessori-baden-wuerttemberg.de\/wp-content\/uploads\/2020\/09\/Basteln-1-1024x769-1.jpg\" class=\"attachment-large size-large wp-image-1573\" alt=\"\" srcset=\"https:\/\/www.montessori-baden-wuerttemberg.de\/wp-content\/uploads\/2020\/09\/Basteln-1-1024x769-1.jpg 1024w, https:\/\/www.montessori-baden-wuerttemberg.de\/wp-content\/uploads\/2020\/09\/Basteln-1-1024x769-1-300x225.jpg 300w, https:\/\/www.montessori-baden-wuerttemberg.de\/wp-content\/uploads\/2020\/09\/Basteln-1-1024x769-1-768x577.jpg 768w, https:\/\/www.montessori-baden-wuerttemberg.de\/wp-content\/uploads\/2020\/09\/Basteln-1-1024x769-1-830x623.jpg 830w, https:\/\/www.montessori-baden-wuerttemberg.de\/wp-content\/uploads\/2020\/09\/Basteln-1-1024x769-1-230x173.jpg 230w, https:\/\/www.montessori-baden-wuerttemberg.de\/wp-content\/uploads\/2020\/09\/Basteln-1-1024x769-1-350x263.jpg 350w, https:\/\/www.montessori-baden-wuerttemberg.de\/wp-content\/uploads\/2020\/09\/Basteln-1-1024x769-1-480x360.jpg 480w\" sizes=\"(max-width: 1024px) 100vw, 1024px\" \/>\t\t\t\t\t\t\t\t<\/a>\n\t\t\t\t\t\t\t\t\t\t\t\t\t\t\t<\/div>\n\t\t\t\t<\/div>\n\t\t\t\t\t<\/div>\n\t\t<\/div>\n\t\t\t\t\t<\/div>\n\t\t<\/section>\n\t\t\t\t\t<\/div>\n\t\t<\/div>\n\t\t\t\t\t<\/div>\n\t\t<\/section>\n\t\t\t\t<section class=\"elementor-section elementor-top-section elementor-element elementor-element-1cd168d elementor-section-boxed elementor-section-height-default elementor-section-height-default\" data-id=\"1cd168d\" data-element_type=\"section\">\n\t\t\t\t\t\t<div class=\"elementor-container elementor-column-gap-default\">\n\t\t\t\t\t<div class=\"elementor-column elementor-col-100 elementor-top-column elementor-element elementor-element-3ebbc6a\" data-id=\"3ebbc6a\" data-element_type=\"column\">\n\t\t\t<div class=\"elementor-widget-wrap elementor-element-populated\">\n\t\t\t\t\t\t<div class=\"elementor-element elementor-element-c8abf8d elementor-widget elementor-widget-spacer\" data-id=\"c8abf8d\" data-element_type=\"widget\" data-widget_type=\"spacer.default\">\n\t\t\t\t<div class=\"elementor-widget-container\">\n\t\t\t\t\t\t\t<div class=\"elementor-spacer\">\n\t\t\t<div class=\"elementor-spacer-inner\"><\/div>\n\t\t<\/div>\n\t\t\t\t\t\t<\/div>\n\t\t\t\t<\/div>\n\t\t\t\t\t<\/div>\n\t\t<\/div>\n\t\t\t\t\t<\/div>\n\t\t<\/section>\n\t\t\t\t<section class=\"elementor-section elementor-top-section elementor-element elementor-element-5be772b elementor-section-boxed elementor-section-height-default elementor-section-height-default\" data-id=\"5be772b\" data-element_type=\"section\">\n\t\t\t\t\t\t<div class=\"elementor-container elementor-column-gap-default\">\n\t\t\t\t\t<div class=\"elementor-column elementor-col-100 elementor-top-column elementor-element elementor-element-6f201f9\" data-id=\"6f201f9\" data-element_type=\"column\">\n\t\t\t<div class=\"elementor-widget-wrap elementor-element-populated\">\n\t\t\t\t\t\t<div class=\"elementor-element elementor-element-2dd842f elementor-widget elementor-widget-text-editor\" data-id=\"2dd842f\" data-element_type=\"widget\" data-widget_type=\"text-editor.default\">\n\t\t\t\t<div class=\"elementor-widget-container\">\n\t\t\t\t\t\t\t\t\t<h3 style=\"text-align: center;\"><span style=\"color: #ff0000;\">Bitte Ansprechpartner kontaktieren, <\/span><\/h3><h3 style=\"text-align: center;\"><span style=\"color: #ff0000;\">ob und wann die Treffen stattfinden! <\/span><\/h3>\t\t\t\t\t\t\t\t<\/div>\n\t\t\t\t<\/div>\n\t\t\t\t\t<\/div>\n\t\t<\/div>\n\t\t\t\t\t<\/div>\n\t\t<\/section>\n\t\t\t\t<section class=\"elementor-section elementor-top-section elementor-element elementor-element-0cd3ebc elementor-section-boxed elementor-section-height-default elementor-section-height-default\" data-id=\"0cd3ebc\" data-element_type=\"section\">\n\t\t\t\t\t\t<div class=\"elementor-container elementor-column-gap-default\">\n\t\t\t\t\t<div class=\"elementor-column elementor-col-100 elementor-top-column elementor-element elementor-element-c6ee266\" data-id=\"c6ee266\" data-element_type=\"column\">\n\t\t\t<div class=\"elementor-widget-wrap elementor-element-populated\">\n\t\t\t\t\t\t<div class=\"elementor-element elementor-element-41d1ab6 elementor-widget elementor-widget-spacer\" data-id=\"41d1ab6\" data-element_type=\"widget\" data-widget_type=\"spacer.default\">\n\t\t\t\t<div class=\"elementor-widget-container\">\n\t\t\t\t\t\t\t<div class=\"elementor-spacer\">\n\t\t\t<div class=\"elementor-spacer-inner\"><\/div>\n\t\t<\/div>\n\t\t\t\t\t\t<\/div>\n\t\t\t\t<\/div>\n\t\t\t\t<div class=\"elementor-element elementor-element-4fd5d3e elementor-widget elementor-widget-heading\" data-id=\"4fd5d3e\" data-element_type=\"widget\" data-widget_type=\"heading.default\">\n\t\t\t\t<div class=\"elementor-widget-container\">\n\t\t\t\t\t<h2 class=\"elementor-heading-title elementor-size-default\">Stadt- und Landkreis Heilbronn<\/h2>\t\t\t\t<\/div>\n\t\t\t\t<\/div>\n\t\t\t\t<div class=\"elementor-element elementor-element-c36aa75 elementor-widget elementor-widget-text-editor\" data-id=\"c36aa75\" data-element_type=\"widget\" data-widget_type=\"text-editor.default\">\n\t\t\t\t<div class=\"elementor-widget-container\">\n\t\t\t\t\t\t\t\t\t<p><span style=\"color: #808080;\"><strong>Wann:<\/strong> <\/span><\/p><ul><li style=\"list-style-type: none;\"><ul><li><span style=\"color: #808080;\">1x im Monat\u00a0<\/span><\/li><li><span style=\"color: #808080;\"> montags <\/span><\/li><li><span style=\"color: #808080;\">18 &#8211; 19.30 Uhr<\/span><\/li><\/ul><\/li><\/ul><p><span style=\"color: #808080;\"><strong>Wo:<\/strong> <\/span><\/p><ul><li style=\"list-style-type: none;\"><ul><li><span style=\"color: #808080;\">Ludwig-Pfau-Schule, <\/span><span style=\"color: #808080;\">Herbert-Hoover-Str. 1, 74072 Heilbronn<\/span><\/li><\/ul><\/li><\/ul><p><span style=\"color: #808080;\"><strong>Was:<\/strong> <\/span><\/p><ul><li style=\"list-style-type: none;\"><ul><li><span style=\"color: #808080;\">neue Materialien herstellen<\/span><\/li><\/ul><\/li><\/ul><p><span style=\"color: #808080;\"><strong>Kontakt:<\/strong><\/span><\/p><ul><li style=\"list-style-type: none;\"><ul><li><span style=\"color: #808080;\"><a style=\"color: #808080;\">christa.kantner@mlv-bw.de<\/a><\/span><\/li><\/ul><\/li><\/ul><p><span style=\"color: #808080;\">Neue Teilnehmer*innen sind uns herzlich willkommen.\u00a0<\/span><\/p>\t\t\t\t\t\t\t\t<\/div>\n\t\t\t\t<\/div>\n\t\t\t\t<div class=\"elementor-element elementor-element-a983110 elementor-widget-divider--view-line elementor-widget elementor-widget-divider\" data-id=\"a983110\" data-element_type=\"widget\" data-widget_type=\"divider.default\">\n\t\t\t\t<div class=\"elementor-widget-container\">\n\t\t\t\t\t\t\t<div class=\"elementor-divider\">\n\t\t\t<span class=\"elementor-divider-separator\">\n\t\t\t\t\t\t<\/span>\n\t\t<\/div>\n\t\t\t\t\t\t<\/div>\n\t\t\t\t<\/div>\n\t\t\t\t<div class=\"elementor-element elementor-element-d7005d3 elementor-widget elementor-widget-spacer\" data-id=\"d7005d3\" data-element_type=\"widget\" data-widget_type=\"spacer.default\">\n\t\t\t\t<div class=\"elementor-widget-container\">\n\t\t\t\t\t\t\t<div class=\"elementor-spacer\">\n\t\t\t<div class=\"elementor-spacer-inner\"><\/div>\n\t\t<\/div>\n\t\t\t\t\t\t<\/div>\n\t\t\t\t<\/div>\n\t\t\t\t\t<\/div>\n\t\t<\/div>\n\t\t\t\t\t<\/div>\n\t\t<\/section>\n\t\t\t\t<section class=\"elementor-section elementor-top-section elementor-element elementor-element-82889a2 elementor-section-boxed elementor-section-height-default elementor-section-height-default\" data-id=\"82889a2\" data-element_type=\"section\">\n\t\t\t\t\t\t<div class=\"elementor-container elementor-column-gap-default\">\n\t\t\t\t\t<div class=\"elementor-column elementor-col-100 elementor-top-column elementor-element elementor-element-d0f1de2\" data-id=\"d0f1de2\" data-element_type=\"column\">\n\t\t\t<div class=\"elementor-widget-wrap elementor-element-populated\">\n\t\t\t\t\t\t<div class=\"elementor-element elementor-element-5a8d93e elementor-widget elementor-widget-text-editor\" data-id=\"5a8d93e\" data-element_type=\"widget\" data-widget_type=\"text-editor.default\">\n\t\t\t\t<div class=\"elementor-widget-container\">\n\t\t\t\t\t\t\t\t\t<p class=\"bodytext\" style=\"text-align: left;\"><span style=\"color: #808080;\">Alle Angaben sind unverbindlich &#8211; Irrt\u00fcmer vorbehalten.<\/span><\/p>\t\t\t\t\t\t\t\t<\/div>\n\t\t\t\t<\/div>\n\t\t\t\t\t<\/div>\n\t\t<\/div>\n\t\t\t\t\t<\/div>\n\t\t<\/section>\n\t\t\t\t<\/div>\n\t\t","protected":false},"excerpt":{"rendered":"<p>M\u00f6glichkeit zum Austausch in Videokonferenzen \u00a0Regelm\u00e4\u00dfige Vernetzungstreffen online f\u00fcr den Elementarbereich, die Grundschule\u00a0 und die Sekundarstufe &#8211;\u00a0 organisiert von Montessori Deutschland Eine zeitgem\u00e4\u00dfe Montessori-P\u00e4dagogik als Einzelk\u00e4mpfer*in zu realisieren, ist nicht m\u00f6glich. Austausch und Vernetzung dienen [&hellip;]<\/p>\n","protected":false},"author":2,"featured_media":0,"parent":0,"menu_order":0,"comment_status":"closed","ping_status":"closed","template":"","meta":{"footnotes":""},"class_list":["post-63","page","type-page","status-publish","hentry"],"_links":{"self":[{"href":"https:\/\/www.montessori-baden-wuerttemberg.de\/index.php\/wp-json\/wp\/v2\/pages\/63","targetHints":{"allow":["GET"]}}],"collection":[{"href":"https:\/\/www.montessori-baden-wuerttemberg.de\/index.php\/wp-json\/wp\/v2\/pages"}],"about":[{"href":"https:\/\/www.montessori-baden-wuerttemberg.de\/index.php\/wp-json\/wp\/v2\/types\/page"}],"author":[{"embeddable":true,"href":"https:\/\/www.montessori-baden-wuerttemberg.de\/index.php\/wp-json\/wp\/v2\/users\/2"}],"replies":[{"embeddable":true,"href":"https:\/\/www.montessori-baden-wuerttemberg.de\/index.php\/wp-json\/wp\/v2\/comments?post=63"}],"version-history":[{"count":64,"href":"https:\/\/www.montessori-baden-wuerttemberg.de\/index.php\/wp-json\/wp\/v2\/pages\/63\/revisions"}],"predecessor-version":[{"id":6293,"href":"https:\/\/www.montessori-baden-wuerttemberg.de\/index.php\/wp-json\/wp\/v2\/pages\/63\/revisions\/6293"}],"wp:attachment":[{"href":"https:\/\/www.montessori-baden-wuerttemberg.de\/index.php\/wp-json\/wp\/v2\/media?parent=63"}],"curies":[{"name":"wp","href":"https:\/\/api.w.org\/{rel}","templated":true}]}}