{"id":57,"date":"2020-07-03T18:01:03","date_gmt":"2020-07-03T16:01:03","guid":{"rendered":"https:\/\/test.montessori-baden-wuerttemberg.de\/?page_id=57"},"modified":"2025-05-17T03:55:41","modified_gmt":"2025-05-17T01:55:41","slug":"satzung","status":"publish","type":"page","link":"https:\/\/www.montessori-baden-wuerttemberg.de\/index.php\/satzung\/","title":{"rendered":"Qualit\u00e4tsrahmen &#038; Satzung"},"content":{"rendered":"\t\t<div data-elementor-type=\"wp-page\" data-elementor-id=\"57\" class=\"elementor elementor-57\">\n\t\t\t\t\t\t<section class=\"elementor-section elementor-top-section elementor-element elementor-element-6981cd8 elementor-section-boxed elementor-section-height-default elementor-section-height-default\" data-id=\"6981cd8\" data-element_type=\"section\">\n\t\t\t\t\t\t<div class=\"elementor-container elementor-column-gap-default\">\n\t\t\t\t\t<div class=\"elementor-column elementor-col-100 elementor-top-column elementor-element elementor-element-53019f0\" data-id=\"53019f0\" data-element_type=\"column\">\n\t\t\t<div class=\"elementor-widget-wrap elementor-element-populated\">\n\t\t\t\t\t\t<div class=\"elementor-element elementor-element-7198b9c elementor-widget elementor-widget-heading\" data-id=\"7198b9c\" data-element_type=\"widget\" data-widget_type=\"heading.default\">\n\t\t\t\t<div class=\"elementor-widget-container\">\n\t\t\t\t\t<h2 class=\"elementor-heading-title elementor-size-default\">Der Qualit\u00e4tsrahmen - Instrument der Qualit\u00e4tssicherung in Ausbildung und Praxis <\/h2>\t\t\t\t<\/div>\n\t\t\t\t<\/div>\n\t\t\t\t\t<\/div>\n\t\t<\/div>\n\t\t\t\t\t<\/div>\n\t\t<\/section>\n\t\t\t\t<section class=\"elementor-section elementor-top-section elementor-element elementor-element-99f358f elementor-section-boxed elementor-section-height-default elementor-section-height-default\" data-id=\"99f358f\" data-element_type=\"section\">\n\t\t\t\t\t\t<div class=\"elementor-container elementor-column-gap-default\">\n\t\t\t\t\t<div class=\"elementor-column elementor-col-100 elementor-top-column elementor-element elementor-element-1f3c653\" data-id=\"1f3c653\" data-element_type=\"column\">\n\t\t\t<div class=\"elementor-widget-wrap elementor-element-populated\">\n\t\t\t\t\t\t<div class=\"elementor-element elementor-element-56bed07 elementor-widget elementor-widget-spacer\" data-id=\"56bed07\" data-element_type=\"widget\" data-widget_type=\"spacer.default\">\n\t\t\t\t<div class=\"elementor-widget-container\">\n\t\t\t\t\t\t\t<div class=\"elementor-spacer\">\n\t\t\t<div class=\"elementor-spacer-inner\"><\/div>\n\t\t<\/div>\n\t\t\t\t\t\t<\/div>\n\t\t\t\t<\/div>\n\t\t\t\t\t<\/div>\n\t\t<\/div>\n\t\t\t\t\t<\/div>\n\t\t<\/section>\n\t\t\t\t<section class=\"elementor-section elementor-top-section elementor-element elementor-element-622a7e7 elementor-section-boxed elementor-section-height-default elementor-section-height-default\" data-id=\"622a7e7\" data-element_type=\"section\">\n\t\t\t\t\t\t<div class=\"elementor-container elementor-column-gap-default\">\n\t\t\t\t\t<div class=\"elementor-column elementor-col-100 elementor-top-column elementor-element elementor-element-e06fba2\" data-id=\"e06fba2\" data-element_type=\"column\">\n\t\t\t<div class=\"elementor-widget-wrap elementor-element-populated\">\n\t\t\t\t\t\t<div class=\"elementor-element elementor-element-5793266 elementor-widget elementor-widget-text-editor\" data-id=\"5793266\" data-element_type=\"widget\" data-widget_type=\"text-editor.default\">\n\t\t\t\t<div class=\"elementor-widget-container\">\n\t\t\t\t\t\t\t\t\t<p><span style=\"color: #808080;\">Der Montessori-Landesverband Baden-W\u00fcrttemberg hat \u00fcber mehrere Jahre aktiv an der Erarbeitung von Qualit\u00e4tskriterien f\u00fcr Praxis und Ausbildung mitgearbeitet. Diese Kriterien wurden im sogenannten Qualit\u00e4tsrahmen (QR) verankert und im M\u00e4rz 2021 von der Mitgliederversammlung des Bundesverbands (Montessori Deutschland) verabschiedet.\u00a0 <\/span><\/p><p>\u00a0<\/p><p><span style=\"color: #808080;\">D<\/span><span style=\"color: #808080;\">er QR definiert klare Anforderungen und Entwicklungsziele f\u00fcr die Umsetzung der Montessori-P\u00e4dagogik. Erstmalig sind in Deutschland die Anforderungen sowohl an die Praxis als auch an die Ausbildung p\u00e4dagogisch und qualit\u00e4tsmethodisch beschrieben. Au\u00dferdem wird die Qualifizierung von Dozent*innen der Ausbildungskurse umrissen. <\/span><\/p><p>\u00a0<\/p><p><span style=\"color: #808080;\"><strong>Wir m\u00f6chten alle interessierten P\u00e4dagog*innen und Bildungseinrichtungen ermutigen diesen Schritt der Qualit\u00e4tsentwicklung\u00a0 bzw. -sicherung zu gehen.<\/strong> Auch unser Landesverband wird sich in seiner Funktion als Ausbildungsorganisation dem Anerkennungsverfahren stellen. N\u00e4here Einzelheiten zum Thema QR-Anerkennung finden Sie <span style=\"text-decoration: underline;\"><span style=\"color: #ff9900; text-decoration: underline;\"><strong><a style=\"color: #ff9900; text-decoration: underline;\" href=\"https:\/\/www.montessori-deutschland.de\/fuer-bildungseinrichtungen\/qr-anerkennung-als-einrichtung\/\">hier<\/a><\/strong><\/span><\/span>. <br \/><\/span><\/p><p>\u00a0<\/p><p><span style=\"color: #808080;\">Der Vorstand des MLV BW hat die sogenannte <span style=\"text-decoration: underline;\"><strong><span style=\"color: #ff9900;\"><a style=\"color: #ff9900; text-decoration: underline;\" href=\"https:\/\/www.montessori-baden-wuerttemberg.de\/wp-content\/uploads\/2022\/01\/QR-Selbstverfplichtung-BW-AO_ET_PV.pdf\">QR-Selbstverpflichtung<\/a><\/span><\/strong><\/span> unterzeichnet, in der Folgendes best\u00e4tigt wird: <br \/><\/span><\/p><ul><li style=\"list-style-type: none;\"><ul><li><span style=\"color: #808080;\">Der Qualit\u00e4tsrahmen ist Grundlage unserer Arbeit. <\/span><\/li><li><span style=\"color: #808080;\">Wir vertreten den Qualit\u00e4tsrahmen als Entwicklungsinstrument in der \u00d6ffentlichkeit.<\/span><\/li><li><span style=\"color: #808080;\">Als <strong>Einrichtungsverband<\/strong> setzen wir uns daf\u00fcr ein, dass die Bildungseinrichtungen in unserem Verband den Qualit\u00e4tsrahmen umsetzen und sich QR-anerkennen lassen.<\/span><\/li><li><span style=\"color: #808080;\">Als <strong>Ausbildungsorganisation<\/strong> lassen wir unsere Ausbildungskurse QR-anerkennen. <\/span><\/li><li><span style=\"color: #808080;\">Als <strong>Personenvereinigung<\/strong> setzen wir uns daf\u00fcr ein, dass P\u00e4dagog*innen in unserer Vereinigung den Qualit\u00e4tsrahmen in ihrem Arbeitsbereich umsetzen.<\/span><\/li><\/ul><\/li><\/ul>\t\t\t\t\t\t\t\t<\/div>\n\t\t\t\t<\/div>\n\t\t\t\t\t<\/div>\n\t\t<\/div>\n\t\t\t\t\t<\/div>\n\t\t<\/section>\n\t\t\t\t<section class=\"elementor-section elementor-top-section elementor-element elementor-element-7183b43 elementor-section-boxed elementor-section-height-default elementor-section-height-default\" data-id=\"7183b43\" data-element_type=\"section\">\n\t\t\t\t\t\t<div class=\"elementor-container elementor-column-gap-default\">\n\t\t\t\t\t<div class=\"elementor-column elementor-col-100 elementor-top-column elementor-element elementor-element-cbdd599\" data-id=\"cbdd599\" data-element_type=\"column\">\n\t\t\t<div class=\"elementor-widget-wrap elementor-element-populated\">\n\t\t\t\t\t\t<div class=\"elementor-element elementor-element-716427c elementor-widget-divider--view-line elementor-widget elementor-widget-divider\" data-id=\"716427c\" data-element_type=\"widget\" data-widget_type=\"divider.default\">\n\t\t\t\t<div class=\"elementor-widget-container\">\n\t\t\t\t\t\t\t<div class=\"elementor-divider\">\n\t\t\t<span class=\"elementor-divider-separator\">\n\t\t\t\t\t\t<\/span>\n\t\t<\/div>\n\t\t\t\t\t\t<\/div>\n\t\t\t\t<\/div>\n\t\t\t\t\t<\/div>\n\t\t<\/div>\n\t\t\t\t\t<\/div>\n\t\t<\/section>\n\t\t\t\t<section class=\"elementor-section elementor-top-section elementor-element elementor-element-f80cb17 elementor-section-boxed elementor-section-height-default elementor-section-height-default\" data-id=\"f80cb17\" data-element_type=\"section\">\n\t\t\t\t\t\t<div class=\"elementor-container elementor-column-gap-default\">\n\t\t\t\t\t<div class=\"elementor-column elementor-col-100 elementor-top-column elementor-element elementor-element-724cd20\" data-id=\"724cd20\" data-element_type=\"column\">\n\t\t\t<div class=\"elementor-widget-wrap elementor-element-populated\">\n\t\t\t\t\t\t<div class=\"elementor-element elementor-element-bc67c3a elementor-widget elementor-widget-spacer\" data-id=\"bc67c3a\" data-element_type=\"widget\" data-widget_type=\"spacer.default\">\n\t\t\t\t<div class=\"elementor-widget-container\">\n\t\t\t\t\t\t\t<div class=\"elementor-spacer\">\n\t\t\t<div class=\"elementor-spacer-inner\"><\/div>\n\t\t<\/div>\n\t\t\t\t\t\t<\/div>\n\t\t\t\t<\/div>\n\t\t\t\t\t<\/div>\n\t\t<\/div>\n\t\t\t\t\t<\/div>\n\t\t<\/section>\n\t\t\t\t<section class=\"elementor-section elementor-top-section elementor-element elementor-element-4e1750e elementor-section-boxed elementor-section-height-default elementor-section-height-default\" data-id=\"4e1750e\" data-element_type=\"section\">\n\t\t\t\t\t\t<div class=\"elementor-container elementor-column-gap-default\">\n\t\t\t\t\t<div class=\"elementor-column elementor-col-100 elementor-top-column elementor-element elementor-element-63839a9\" data-id=\"63839a9\" data-element_type=\"column\">\n\t\t\t<div class=\"elementor-widget-wrap elementor-element-populated\">\n\t\t\t\t\t\t<div class=\"elementor-element elementor-element-66bc7af elementor-widget elementor-widget-heading\" data-id=\"66bc7af\" data-element_type=\"widget\" data-widget_type=\"heading.default\">\n\t\t\t\t<div class=\"elementor-widget-container\">\n\t\t\t\t\t<h2 class=\"elementor-heading-title elementor-size-default\">Satzung<\/h2>\t\t\t\t<\/div>\n\t\t\t\t<\/div>\n\t\t\t\t\t<\/div>\n\t\t<\/div>\n\t\t\t\t\t<\/div>\n\t\t<\/section>\n\t\t\t\t<section class=\"elementor-section elementor-top-section elementor-element elementor-element-f4c0857 elementor-section-boxed elementor-section-height-default elementor-section-height-default\" data-id=\"f4c0857\" data-element_type=\"section\">\n\t\t\t\t\t\t<div class=\"elementor-container elementor-column-gap-default\">\n\t\t\t\t\t<div class=\"elementor-column elementor-col-100 elementor-top-column elementor-element elementor-element-174d064\" data-id=\"174d064\" data-element_type=\"column\">\n\t\t\t<div class=\"elementor-widget-wrap elementor-element-populated\">\n\t\t\t\t\t\t<div class=\"elementor-element elementor-element-618ac67 elementor-widget elementor-widget-spacer\" data-id=\"618ac67\" data-element_type=\"widget\" data-widget_type=\"spacer.default\">\n\t\t\t\t<div class=\"elementor-widget-container\">\n\t\t\t\t\t\t\t<div class=\"elementor-spacer\">\n\t\t\t<div class=\"elementor-spacer-inner\"><\/div>\n\t\t<\/div>\n\t\t\t\t\t\t<\/div>\n\t\t\t\t<\/div>\n\t\t\t\t\t<\/div>\n\t\t<\/div>\n\t\t\t\t\t<\/div>\n\t\t<\/section>\n\t\t\t\t<section class=\"elementor-section elementor-top-section elementor-element elementor-element-2e1d056 elementor-section-boxed elementor-section-height-default elementor-section-height-default\" data-id=\"2e1d056\" data-element_type=\"section\">\n\t\t\t\t\t\t<div class=\"elementor-container elementor-column-gap-default\">\n\t\t\t\t\t<div class=\"elementor-column elementor-col-100 elementor-top-column elementor-element elementor-element-454ab36\" data-id=\"454ab36\" data-element_type=\"column\">\n\t\t\t<div class=\"elementor-widget-wrap elementor-element-populated\">\n\t\t\t\t\t\t<div class=\"elementor-element elementor-element-4b475f6 elementor-widget elementor-widget-text-editor\" data-id=\"4b475f6\" data-element_type=\"widget\" data-widget_type=\"text-editor.default\">\n\t\t\t\t<div class=\"elementor-widget-container\">\n\t\t\t\t\t\t\t\t\t<p><span style=\"color: #808080;\">Die von der Mitgliederversammlung zuletzt im Oktober 2024 einstimmig verabschiedete Neufassung der Satzung unseres Landesverbands wurde notariell beglaubigt und dem Registergericht in Stuttgart vorgelegt. Die Eintragung ins Vereinsregister erfolgte wenig sp\u00e4ter. <a href=\"https:\/\/www.montessori-baden-wuerttemberg.de\/wp-content\/uploads\/2025\/05\/Schlussversion-S-a-t-z-u-n-g-und-Entwurf-Neufassung-Oktober-2024-MLVBW.pdf\"><span style=\"text-decoration: underline;\"><strong><span style=\"color: #ff9900; text-decoration: underline;\">Hier<\/span><\/strong><\/span><\/a> k\u00f6nnen Sie bei Interesse die Satzung unseres Landesverbandes einsehen. <br \/><\/span><\/p>\t\t\t\t\t\t\t\t<\/div>\n\t\t\t\t<\/div>\n\t\t\t\t\t<\/div>\n\t\t<\/div>\n\t\t\t\t\t<\/div>\n\t\t<\/section>\n\t\t\t\t<\/div>\n\t\t","protected":false},"excerpt":{"rendered":"<p>Der Qualit\u00e4tsrahmen &#8211; Instrument der Qualit\u00e4tssicherung in Ausbildung und Praxis Der Montessori-Landesverband Baden-W\u00fcrttemberg hat \u00fcber mehrere Jahre aktiv an der Erarbeitung von Qualit\u00e4tskriterien f\u00fcr Praxis und Ausbildung mitgearbeitet. Diese Kriterien wurden im sogenannten Qualit\u00e4tsrahmen (QR) [&hellip;]<\/p>\n","protected":false},"author":2,"featured_media":0,"parent":0,"menu_order":0,"comment_status":"closed","ping_status":"closed","template":"","meta":{"footnotes":""},"class_list":["post-57","page","type-page","status-publish","hentry"],"_links":{"self":[{"href":"https:\/\/www.montessori-baden-wuerttemberg.de\/index.php\/wp-json\/wp\/v2\/pages\/57","targetHints":{"allow":["GET"]}}],"collection":[{"href":"https:\/\/www.montessori-baden-wuerttemberg.de\/index.php\/wp-json\/wp\/v2\/pages"}],"about":[{"href":"https:\/\/www.montessori-baden-wuerttemberg.de\/index.php\/wp-json\/wp\/v2\/types\/page"}],"author":[{"embeddable":true,"href":"https:\/\/www.montessori-baden-wuerttemberg.de\/index.php\/wp-json\/wp\/v2\/users\/2"}],"replies":[{"embeddable":true,"href":"https:\/\/www.montessori-baden-wuerttemberg.de\/index.php\/wp-json\/wp\/v2\/comments?post=57"}],"version-history":[{"count":73,"href":"https:\/\/www.montessori-baden-wuerttemberg.de\/index.php\/wp-json\/wp\/v2\/pages\/57\/revisions"}],"predecessor-version":[{"id":5951,"href":"https:\/\/www.montessori-baden-wuerttemberg.de\/index.php\/wp-json\/wp\/v2\/pages\/57\/revisions\/5951"}],"wp:attachment":[{"href":"https:\/\/www.montessori-baden-wuerttemberg.de\/index.php\/wp-json\/wp\/v2\/media?parent=57"}],"curies":[{"name":"wp","href":"https:\/\/api.w.org\/{rel}","templated":true}]}}