{"id":51,"date":"2020-07-03T17:57:36","date_gmt":"2020-07-03T15:57:36","guid":{"rendered":"https:\/\/test.montessori-baden-wuerttemberg.de\/?page_id=51"},"modified":"2025-09-16T16:11:25","modified_gmt":"2025-09-16T14:11:25","slug":"vorstand","status":"publish","type":"page","link":"https:\/\/www.montessori-baden-wuerttemberg.de\/index.php\/vorstand\/","title":{"rendered":"Vorstand"},"content":{"rendered":"\t\t<div data-elementor-type=\"wp-page\" data-elementor-id=\"51\" class=\"elementor elementor-51\">\n\t\t\t\t\t\t<section class=\"elementor-section elementor-top-section elementor-element elementor-element-715e643 elementor-section-boxed elementor-section-height-default elementor-section-height-default\" data-id=\"715e643\" data-element_type=\"section\">\n\t\t\t\t\t\t<div class=\"elementor-container elementor-column-gap-default\">\n\t\t\t\t\t<div class=\"elementor-column elementor-col-100 elementor-top-column elementor-element elementor-element-6d974ed\" data-id=\"6d974ed\" data-element_type=\"column\">\n\t\t\t<div class=\"elementor-widget-wrap elementor-element-populated\">\n\t\t\t\t\t\t<div class=\"elementor-element elementor-element-1ccbfb7 elementor-widget elementor-widget-image\" data-id=\"1ccbfb7\" data-element_type=\"widget\" data-widget_type=\"image.default\">\n\t\t\t\t<div class=\"elementor-widget-container\">\n\t\t\t\t\t\t\t\t\t\t\t\t\t\t\t<img fetchpriority=\"high\" decoding=\"async\" width=\"768\" height=\"1024\" src=\"https:\/\/www.montessori-baden-wuerttemberg.de\/wp-content\/uploads\/2025\/09\/20250810_174454-768x1024.jpg\" class=\"attachment-large size-large wp-image-6074\" alt=\"\" srcset=\"https:\/\/www.montessori-baden-wuerttemberg.de\/wp-content\/uploads\/2025\/09\/20250810_174454-768x1024.jpg 768w, https:\/\/www.montessori-baden-wuerttemberg.de\/wp-content\/uploads\/2025\/09\/20250810_174454-225x300.jpg 225w, https:\/\/www.montessori-baden-wuerttemberg.de\/wp-content\/uploads\/2025\/09\/20250810_174454-1152x1536.jpg 1152w, https:\/\/www.montessori-baden-wuerttemberg.de\/wp-content\/uploads\/2025\/09\/20250810_174454-1000x1333.jpg 1000w, https:\/\/www.montessori-baden-wuerttemberg.de\/wp-content\/uploads\/2025\/09\/20250810_174454-230x307.jpg 230w, https:\/\/www.montessori-baden-wuerttemberg.de\/wp-content\/uploads\/2025\/09\/20250810_174454-350x467.jpg 350w, https:\/\/www.montessori-baden-wuerttemberg.de\/wp-content\/uploads\/2025\/09\/20250810_174454-480x640.jpg 480w, https:\/\/www.montessori-baden-wuerttemberg.de\/wp-content\/uploads\/2025\/09\/20250810_174454-rotated.jpg 1350w\" sizes=\"(max-width: 768px) 100vw, 768px\" \/>\t\t\t\t\t\t\t\t\t\t\t\t\t\t\t<\/div>\n\t\t\t\t<\/div>\n\t\t\t\t\t<\/div>\n\t\t<\/div>\n\t\t\t\t\t<\/div>\n\t\t<\/section>\n\t\t\t\t<section class=\"elementor-section elementor-top-section elementor-element elementor-element-b8ebffe elementor-section-boxed elementor-section-height-default elementor-section-height-default\" data-id=\"b8ebffe\" data-element_type=\"section\">\n\t\t\t\t\t\t<div class=\"elementor-container elementor-column-gap-default\">\n\t\t\t\t\t<div class=\"elementor-column elementor-col-100 elementor-top-column elementor-element elementor-element-1ce2da3\" data-id=\"1ce2da3\" data-element_type=\"column\">\n\t\t\t<div class=\"elementor-widget-wrap elementor-element-populated\">\n\t\t\t\t\t\t<div class=\"elementor-element elementor-element-b76f964 elementor-widget elementor-widget-text-editor\" data-id=\"b76f964\" data-element_type=\"widget\" data-widget_type=\"text-editor.default\">\n\t\t\t\t<div class=\"elementor-widget-container\">\n\t\t\t\t\t\t\t\t\t<p><span style=\"color: #808080;\"><span style=\"text-decoration: underline;\">Von links nach rechts obere Reihe:<\/span> Werner und Elvira Hartmann-Meininger, Susanne Bertrand-Baumann, Martina Schuster und Heidi Mitius &#8211; <span style=\"text-decoration: underline;\">untere Reihe:<\/span> Antje Stuberg und Christa Kantner<\/span><\/p><p><span style=\"color: #808080;\">(Aufnahmedatum: 10. August 2025)\u00a0<\/span><\/p>\t\t\t\t\t\t\t\t<\/div>\n\t\t\t\t<\/div>\n\t\t\t\t\t<\/div>\n\t\t<\/div>\n\t\t\t\t\t<\/div>\n\t\t<\/section>\n\t\t\t\t<section class=\"elementor-section elementor-top-section elementor-element elementor-element-04b919e elementor-section-boxed elementor-section-height-default elementor-section-height-default\" data-id=\"04b919e\" data-element_type=\"section\">\n\t\t\t\t\t\t<div class=\"elementor-container elementor-column-gap-default\">\n\t\t\t\t\t<div class=\"elementor-column elementor-col-100 elementor-top-column elementor-element elementor-element-8d19ef4\" data-id=\"8d19ef4\" data-element_type=\"column\">\n\t\t\t<div class=\"elementor-widget-wrap elementor-element-populated\">\n\t\t\t\t\t\t<div class=\"elementor-element elementor-element-b0a185f elementor-widget elementor-widget-spacer\" data-id=\"b0a185f\" data-element_type=\"widget\" data-widget_type=\"spacer.default\">\n\t\t\t\t<div class=\"elementor-widget-container\">\n\t\t\t\t\t\t\t<div class=\"elementor-spacer\">\n\t\t\t<div class=\"elementor-spacer-inner\"><\/div>\n\t\t<\/div>\n\t\t\t\t\t\t<\/div>\n\t\t\t\t<\/div>\n\t\t\t\t\t<\/div>\n\t\t<\/div>\n\t\t\t\t\t<\/div>\n\t\t<\/section>\n\t\t\t\t<section class=\"elementor-section elementor-top-section elementor-element elementor-element-756cac1b elementor-section-boxed elementor-section-height-default elementor-section-height-default\" data-id=\"756cac1b\" data-element_type=\"section\">\n\t\t\t\t\t\t<div class=\"elementor-container elementor-column-gap-default\">\n\t\t\t\t\t<div class=\"elementor-column elementor-col-100 elementor-top-column elementor-element elementor-element-31e0d5a6\" data-id=\"31e0d5a6\" data-element_type=\"column\">\n\t\t\t<div class=\"elementor-widget-wrap elementor-element-populated\">\n\t\t\t\t\t\t<div class=\"elementor-element elementor-element-f6f87e6 elementor-widget elementor-widget-heading\" data-id=\"f6f87e6\" data-element_type=\"widget\" data-widget_type=\"heading.default\">\n\t\t\t\t<div class=\"elementor-widget-container\">\n\t\t\t\t\t<h2 class=\"elementor-heading-title elementor-size-default\">Vorstandsmitglieder und ihre Funktionen:<\/h2>\t\t\t\t<\/div>\n\t\t\t\t<\/div>\n\t\t\t\t<div class=\"elementor-element elementor-element-d61068a elementor-widget elementor-widget-spacer\" data-id=\"d61068a\" data-element_type=\"widget\" data-widget_type=\"spacer.default\">\n\t\t\t\t<div class=\"elementor-widget-container\">\n\t\t\t\t\t\t\t<div class=\"elementor-spacer\">\n\t\t\t<div class=\"elementor-spacer-inner\"><\/div>\n\t\t<\/div>\n\t\t\t\t\t\t<\/div>\n\t\t\t\t<\/div>\n\t\t\t\t<div class=\"elementor-element elementor-element-408e4d79 elementor-widget elementor-widget-text-editor\" data-id=\"408e4d79\" data-element_type=\"widget\" data-widget_type=\"text-editor.default\">\n\t\t\t\t<div class=\"elementor-widget-container\">\n\t\t\t\t\t\t\t\t\t<p class=\"bodytext\"><span style=\"color: #808080;\"><b>Erste Vorsitzende:<br \/><\/b>Christa Kantner, Friedhofstra\u00dfe 59, 69231 Rauenberg, Tel.: 07253 22141 (privat)<\/span><\/p><p>\u00a0<\/p><p class=\"bodytext\"><span style=\"color: #808080;\"><b>Stellvertretende Vorsitzende:<br \/><\/b>Heidi Mitius, Giebelstra\u00dfe 6, 70499 Stuttgart, Tel.: 0711 8892120 (Kinderhaus)<\/span><\/p><p>\u00a0<\/p><p class=\"bodytext\"><span style=\"color: #808080;\"><b>Stellvertretende Vorsitzende:<br \/><\/b>Susanne Bertrand-Baumann, Anselm-Feuerbach-Str. 7, 68723 Schwetzingen<\/span><br \/><span style=\"color: #808080;\">Tel.: 06202 924660 (privat) <br \/><\/span><\/p><p>\u00a0<\/p><p class=\"bodytext\"><span style=\"color: #808080;\"><b>P\u00e4dagogische Gesch\u00e4ftsf\u00fchrer:<br \/><\/b>1. Elvira Hartmann-Meininger, Sarmanna-Str. 44, 93049 Regensburg<\/span><\/p><p class=\"bodytext\"><span style=\"color: #808080;\">Tel. 0151 275 45 123 (privat) <br \/><\/span><\/p><p class=\"bodytext\"><span style=\"color: #808080;\">2. Werner Hartmann-Meininger,\u00a0 Ringstr. 22, 74417 Gschwend-Frickenhofen<\/span><\/p><p class=\"bodytext\"><span style=\"color: #808080;\">Tel.: 0170 830 1447 (privat)<\/span><\/p><p>\u00a0<\/p><p class=\"bodytext\"><span style=\"color: #808080;\"><b>Wirtschaftliche Gesch\u00e4ftsf\u00fchrerin und Kassiererin sowie Leitung der Gesch\u00e4ftsstelle:<\/b><\/span><\/p><p><span style=\"color: #808080;\">Martina Schuster, Sudetenstr. 1, 74740 Adelsheim<\/span><\/p><p><span style=\"color: #808080;\">Tel.: 0152 38557703 (Gesch\u00e4ftsstelle)<\/span><\/p><p>\u00a0<\/p><p class=\"bodytext\"><span style=\"color: #808080;\"><b>Schriftf\u00fchrerin:<br \/><\/b> Antje Stuberg, Riedweg 3, 88284 Wolpertswende<\/span><\/p><p class=\"bodytext\"><span style=\"color: #808080;\">Tel.: 07502 944894\u00a0 (privat) <br \/><\/span><\/p>\t\t\t\t\t\t\t\t<\/div>\n\t\t\t\t<\/div>\n\t\t\t\t<div class=\"elementor-element elementor-element-99e8af1 elementor-widget-divider--view-line elementor-widget elementor-widget-divider\" data-id=\"99e8af1\" data-element_type=\"widget\" data-widget_type=\"divider.default\">\n\t\t\t\t<div class=\"elementor-widget-container\">\n\t\t\t\t\t\t\t<div class=\"elementor-divider\">\n\t\t\t<span class=\"elementor-divider-separator\">\n\t\t\t\t\t\t<\/span>\n\t\t<\/div>\n\t\t\t\t\t\t<\/div>\n\t\t\t\t<\/div>\n\t\t\t\t<div class=\"elementor-element elementor-element-aded776 elementor-widget elementor-widget-spacer\" data-id=\"aded776\" data-element_type=\"widget\" data-widget_type=\"spacer.default\">\n\t\t\t\t<div class=\"elementor-widget-container\">\n\t\t\t\t\t\t\t<div class=\"elementor-spacer\">\n\t\t\t<div class=\"elementor-spacer-inner\"><\/div>\n\t\t<\/div>\n\t\t\t\t\t\t<\/div>\n\t\t\t\t<\/div>\n\t\t\t\t\t<\/div>\n\t\t<\/div>\n\t\t\t\t\t<\/div>\n\t\t<\/section>\n\t\t\t\t<section class=\"elementor-section elementor-top-section elementor-element elementor-element-5052540 elementor-section-boxed elementor-section-height-default elementor-section-height-default\" data-id=\"5052540\" data-element_type=\"section\">\n\t\t\t\t\t\t<div class=\"elementor-container elementor-column-gap-default\">\n\t\t\t\t\t<div class=\"elementor-column elementor-col-100 elementor-top-column elementor-element elementor-element-bcd60e2\" data-id=\"bcd60e2\" data-element_type=\"column\">\n\t\t\t<div class=\"elementor-widget-wrap elementor-element-populated\">\n\t\t\t\t\t\t<div class=\"elementor-element elementor-element-66e6b51 elementor-widget elementor-widget-text-editor\" data-id=\"66e6b51\" data-element_type=\"widget\" data-widget_type=\"text-editor.default\">\n\t\t\t\t<div class=\"elementor-widget-container\">\n\t\t\t\t\t\t\t\t\t<p class=\"bodytext\"><span style=\"color: #808080;\"><b>Wenn Sie uns unter unseren privaten Rufnummern kontaktieren, denken Sie bitte daran, dass fast alle Vorstandsmitglieder ihre Vorstandsarbeit ehrenamtlich leisten und sich nicht jederzeit sofort mit Ihrem Anliegen befassen k\u00f6nnen. <\/b>Selbstverst\u00e4ndlich sind wir dennoch bem\u00fcht, Ihnen m\u00f6glichst schnell weiterzuhelfen. <\/span><\/p><p class=\"bodytext\"><span style=\"color: #808080;\">Informationen zu den einzelnen Aufgabenbereichen der Vorstandsmitglieder und die entsprechenden <strong>E-Mail-Kontaktadressen finden Sie <a href=\"https:\/\/www.montessori-baden-wuerttemberg.de\/index.php\/kontakt\/\"><span style=\"text-decoration: underline; color: #ff9900;\">hier<\/span><\/a>.<\/strong> Je nachdem, welches Anliegen Sie haben, wenden Sie sich bitte direkt an das entsprechende Vorstandsmitglied. <br \/><\/span><\/p>\t\t\t\t\t\t\t\t<\/div>\n\t\t\t\t<\/div>\n\t\t\t\t\t<\/div>\n\t\t<\/div>\n\t\t\t\t\t<\/div>\n\t\t<\/section>\n\t\t\t\t<\/div>\n\t\t","protected":false},"excerpt":{"rendered":"<p>Von links nach rechts obere Reihe: Werner und Elvira Hartmann-Meininger, Susanne Bertrand-Baumann, Martina Schuster und Heidi Mitius &#8211; untere Reihe: Antje Stuberg und Christa Kantner (Aufnahmedatum: 10. August 2025)\u00a0 Vorstandsmitglieder und ihre Funktionen: Erste Vorsitzende:Christa [&hellip;]<\/p>\n","protected":false},"author":2,"featured_media":0,"parent":0,"menu_order":0,"comment_status":"closed","ping_status":"closed","template":"","meta":{"footnotes":""},"class_list":["post-51","page","type-page","status-publish","hentry"],"_links":{"self":[{"href":"https:\/\/www.montessori-baden-wuerttemberg.de\/index.php\/wp-json\/wp\/v2\/pages\/51","targetHints":{"allow":["GET"]}}],"collection":[{"href":"https:\/\/www.montessori-baden-wuerttemberg.de\/index.php\/wp-json\/wp\/v2\/pages"}],"about":[{"href":"https:\/\/www.montessori-baden-wuerttemberg.de\/index.php\/wp-json\/wp\/v2\/types\/page"}],"author":[{"embeddable":true,"href":"https:\/\/www.montessori-baden-wuerttemberg.de\/index.php\/wp-json\/wp\/v2\/users\/2"}],"replies":[{"embeddable":true,"href":"https:\/\/www.montessori-baden-wuerttemberg.de\/index.php\/wp-json\/wp\/v2\/comments?post=51"}],"version-history":[{"count":55,"href":"https:\/\/www.montessori-baden-wuerttemberg.de\/index.php\/wp-json\/wp\/v2\/pages\/51\/revisions"}],"predecessor-version":[{"id":6128,"href":"https:\/\/www.montessori-baden-wuerttemberg.de\/index.php\/wp-json\/wp\/v2\/pages\/51\/revisions\/6128"}],"wp:attachment":[{"href":"https:\/\/www.montessori-baden-wuerttemberg.de\/index.php\/wp-json\/wp\/v2\/media?parent=51"}],"curies":[{"name":"wp","href":"https:\/\/api.w.org\/{rel}","templated":true}]}}