{"id":46,"date":"2020-07-03T17:56:25","date_gmt":"2020-07-03T15:56:25","guid":{"rendered":"https:\/\/test.montessori-baden-wuerttemberg.de\/?page_id=46"},"modified":"2022-02-25T08:58:03","modified_gmt":"2022-02-25T07:58:03","slug":"prinzipien-der-montessori-paedagogik","status":"publish","type":"page","link":"https:\/\/www.montessori-baden-wuerttemberg.de\/index.php\/prinzipien-der-montessori-paedagogik\/","title":{"rendered":"Prinzipien der Montessori-P\u00e4dagogik"},"content":{"rendered":"\t\t<div data-elementor-type=\"wp-page\" data-elementor-id=\"46\" class=\"elementor elementor-46\">\n\t\t\t\t\t\t<section class=\"elementor-section elementor-top-section elementor-element elementor-element-3a4b6127 elementor-section-boxed elementor-section-height-default elementor-section-height-default\" data-id=\"3a4b6127\" data-element_type=\"section\">\n\t\t\t\t\t\t<div class=\"elementor-container elementor-column-gap-default\">\n\t\t\t\t\t<div class=\"elementor-column elementor-col-100 elementor-top-column elementor-element elementor-element-2703cdcb\" data-id=\"2703cdcb\" data-element_type=\"column\">\n\t\t\t<div class=\"elementor-widget-wrap elementor-element-populated\">\n\t\t\t\t\t\t<div class=\"elementor-element elementor-element-58eaaae5 elementor-widget elementor-widget-text-editor\" data-id=\"58eaaae5\" data-element_type=\"widget\" data-widget_type=\"text-editor.default\">\n\t\t\t\t<div class=\"elementor-widget-container\">\n\t\t\t\t\t\t\t\t\t<p><span style=\"color: #808080;\">Die weltweit verbreitete Montessori-P\u00e4dagogik ist ein bew\u00e4hrtes p\u00e4dagogisches Konzept, das von der Fr\u00fchp\u00e4dagogik bis zur Berufseingliederung reicht.<\/span><span style=\"color: #808080;\"> Sie begreift das Kind und den Jugendlichen in seiner individuellen lebensweltlichen Ganzheit und in seiner \u00f6kologischen Vernetzung. <\/span><span style=\"color: #808080;\">Damit legt sie das Fundament der Erziehung und Bildung einer lebenst\u00fcchtigen Pers\u00f6nlichkeit.<\/span><\/p><p><span style=\"color: #808080;\">\u00a0<\/span><\/p><p><span style=\"color: #808080;\">Im Mittelpunkt stehen bei Maria Montessori die Stadien der Pers\u00f6nlichkeitsentwicklung. <\/span><span style=\"color: #808080;\">Wichtig ist hierbei, die <strong>Entwicklungsdifferenzen von Kindern<\/strong> zu erkennen, die mit dem Alter zunehmen:<\/span><\/p><ul><li style=\"list-style-type: none;\"><ul><li><strong><span style=\"color: #808080;\">intrapersonale Entwicklungsdifferenzen, z. B. teilweise um Jahre unterschiedliche Leistungsbereiche wie Sprache, Intelligenz usw.<\/span><\/strong><\/li><li><strong><span style=\"color: #808080;\">interpersonale Entwicklungsdifferenzen, wie bei Geschlecht und sozialer Herkunft.<\/span><\/strong><\/li><\/ul><\/li><\/ul><p><span style=\"color: #808080;\">\u00a0<\/span><\/p><p><span style=\"color: #808080;\">Montessori beobachtete intensiv <strong>die lernpsychologischen Grundlagen<\/strong> von Kindern, die Wissenschaftler seitdem immer wieder best\u00e4tigen:<\/span><\/p><ul><li style=\"list-style-type: none;\"><ul><li><strong><span style=\"color: #808080;\">origin\u00e4re Lernfreude und Lernbegierde aller Kinder<\/span><\/strong><\/li><li><strong><span style=\"color: #808080;\">das Kind als &#8222;Baumeister seiner selbst&#8220;<\/span><\/strong><\/li><li><strong><span style=\"color: #808080;\">die &#8222;Polarisation der Aufmerksamkeit&#8220; als Voraussetzung f\u00fcr effektives Lernen<\/span><\/strong><\/li><li><strong><span style=\"color: #808080;\">unterschiedliche, wechselnde, entwicklungsabh\u00e4ngige Lerninteressen\/-empf\u00e4nglichkeiten (&#8222;sensible Lernphasen&#8220;).<\/span><\/strong><\/li><\/ul><\/li><\/ul><p><span style=\"color: #808080;\">\u00a0<\/span><\/p><p><span style=\"color: #808080;\">Ausgehend von diesen Erkenntnissen verfolgte sie als Zielsetzung, <\/span><span style=\"color: #808080;\"><strong>ein selbstst\u00e4ndiges, selbstbestimmtes Lernen &#8222;vom Kinde aus&#8220;<\/strong> zu verwirklichen. <\/span><span style=\"color: #808080;\"><span style=\"color: #808080;\">Hierbei sollen die soziale, ethische und demokratische Verantwortung des Individuums aktiviert und das Potential eines jeden Kindes umfassend entwickelt werden.<\/span><\/span><\/p>\t\t\t\t\t\t\t\t<\/div>\n\t\t\t\t<\/div>\n\t\t\t\t<div class=\"elementor-element elementor-element-4c2b252 elementor-widget elementor-widget-spacer\" data-id=\"4c2b252\" data-element_type=\"widget\" data-widget_type=\"spacer.default\">\n\t\t\t\t<div class=\"elementor-widget-container\">\n\t\t\t\t\t\t\t<div class=\"elementor-spacer\">\n\t\t\t<div class=\"elementor-spacer-inner\"><\/div>\n\t\t<\/div>\n\t\t\t\t\t\t<\/div>\n\t\t\t\t<\/div>\n\t\t\t\t\t<\/div>\n\t\t<\/div>\n\t\t\t\t\t<\/div>\n\t\t<\/section>\n\t\t\t\t<section class=\"elementor-section elementor-top-section elementor-element elementor-element-0b39c6b elementor-section-boxed elementor-section-height-default elementor-section-height-default\" data-id=\"0b39c6b\" data-element_type=\"section\">\n\t\t\t\t\t\t<div class=\"elementor-container elementor-column-gap-default\">\n\t\t\t\t\t<div class=\"elementor-column elementor-col-100 elementor-top-column elementor-element elementor-element-e5508b4\" data-id=\"e5508b4\" data-element_type=\"column\">\n\t\t\t<div class=\"elementor-widget-wrap elementor-element-populated\">\n\t\t\t\t\t\t<div class=\"elementor-element elementor-element-71abc76 elementor-widget elementor-widget-text-editor\" data-id=\"71abc76\" data-element_type=\"widget\" data-widget_type=\"text-editor.default\">\n\t\t\t\t<div class=\"elementor-widget-container\">\n\t\t\t\t\t\t\t\t\t<h3 style=\"text-align: center;\"><span style=\"color: #7ed640;\"><strong>&#8222;Hilf mir, es selbst zu tun!&#8220;<\/strong><\/span><\/h3><h3 style=\"text-align: center;\"><span style=\"color: #7ed640;\"><strong>(Maria Montessori)<\/strong><\/span><\/h3>\t\t\t\t\t\t\t\t<\/div>\n\t\t\t\t<\/div>\n\t\t\t\t<div class=\"elementor-element elementor-element-7001efb elementor-widget elementor-widget-spacer\" data-id=\"7001efb\" data-element_type=\"widget\" data-widget_type=\"spacer.default\">\n\t\t\t\t<div class=\"elementor-widget-container\">\n\t\t\t\t\t\t\t<div class=\"elementor-spacer\">\n\t\t\t<div class=\"elementor-spacer-inner\"><\/div>\n\t\t<\/div>\n\t\t\t\t\t\t<\/div>\n\t\t\t\t<\/div>\n\t\t\t\t\t<\/div>\n\t\t<\/div>\n\t\t\t\t\t<\/div>\n\t\t<\/section>\n\t\t\t\t<section class=\"elementor-section elementor-top-section elementor-element elementor-element-f646df0 elementor-section-boxed elementor-section-height-default elementor-section-height-default\" data-id=\"f646df0\" data-element_type=\"section\">\n\t\t\t\t\t\t<div class=\"elementor-container elementor-column-gap-default\">\n\t\t\t\t\t<div class=\"elementor-column elementor-col-100 elementor-top-column elementor-element elementor-element-2e3a028\" data-id=\"2e3a028\" data-element_type=\"column\">\n\t\t\t<div class=\"elementor-widget-wrap elementor-element-populated\">\n\t\t\t\t\t\t<div class=\"elementor-element elementor-element-b174d81 elementor-widget elementor-widget-text-editor\" data-id=\"b174d81\" data-element_type=\"widget\" data-widget_type=\"text-editor.default\">\n\t\t\t\t<div class=\"elementor-widget-container\">\n\t\t\t\t\t\t\t\t\t<p><span style=\"color: #808080;\">So entstanden<strong> die wesentlichen Prinzipien der Montessori-P\u00e4dagogik<\/strong>, die grunds\u00e4tzlich von der Fr\u00fchp\u00e4dagogik bis zur Sekundarstufe gelten und als &#8222;B\u00fcndel&#8220; angesehen werden m\u00fcssen, um erfolgreich zu sein:<\/span><\/p><ul><li style=\"list-style-type: none;\"><ul><li><strong><span style=\"color: #808080;\">Jahrgangsmischung in den Lerngruppen<\/span><\/strong><\/li><li><strong><span style=\"color: #808080;\">&#8222;Freie Wahl der Arbeit&#8220;<\/span><\/strong><\/li><li><strong><span style=\"color: #808080;\">altersstufengerechte vorbereitete Lernumgebung, inklusive speziellem Montessori-Material<\/span><\/strong><\/li><li><strong><span style=\"color: #808080;\">besondere Rolle des Erziehers\/Lehrers &#8211; mit personaler Verantwortung f\u00fcr das Kind<\/span><\/strong><\/li><li><strong><span style=\"color: #808080;\">ausf\u00fchrliche Dokumentation des Lern- und Entwicklungsprozesses.<\/span><\/strong><\/li><\/ul><\/li><\/ul>\t\t\t\t\t\t\t\t<\/div>\n\t\t\t\t<\/div>\n\t\t\t\t\t<\/div>\n\t\t<\/div>\n\t\t\t\t\t<\/div>\n\t\t<\/section>\n\t\t\t\t<section class=\"elementor-section elementor-top-section elementor-element elementor-element-0532423 elementor-section-boxed elementor-section-height-default elementor-section-height-default\" data-id=\"0532423\" data-element_type=\"section\">\n\t\t\t\t\t\t<div class=\"elementor-container elementor-column-gap-default\">\n\t\t\t\t\t<div class=\"elementor-column elementor-col-100 elementor-top-column elementor-element elementor-element-1a73da6\" data-id=\"1a73da6\" data-element_type=\"column\">\n\t\t\t<div class=\"elementor-widget-wrap elementor-element-populated\">\n\t\t\t\t\t\t<div class=\"elementor-element elementor-element-3233c06 elementor-widget elementor-widget-text-editor\" data-id=\"3233c06\" data-element_type=\"widget\" data-widget_type=\"text-editor.default\">\n\t\t\t\t<div class=\"elementor-widget-container\">\n\t\t\t\t\t\t\t\t\t<p class=\"bodytext\"><span style=\"color: #808080;\">Montessori-Einrichtungen sollen <strong>f\u00fcr alle Kinder offen<\/strong> sein und insbesondere Schwerpunkte f\u00fcr <strong>soziales Lernen und Pers\u00f6nlichkeitsentwicklung<\/strong> sowie zur <strong>Umwelt-, Friedens- und Gerechtigkeitserziehung <\/strong>setzen. <\/span><span style=\"color: #808080;\">Wichtig ist an Schulen, dass die vielf\u00e4ltig vorhandenen Entwicklungsdifferenzen aufgefangen werden k\u00f6nnen. Hieraus resultiert die <strong>entscheidende Bedeutung der &#8222;vorbereiteten Umgebung&#8220; und der Altersmischung<\/strong>, weil Differenzen damit nicht nur aufgefangen, sondern auch ausgeglichen werden k\u00f6nnen. Au\u00dferdem sind die Differenzen als kognitive sowie sozialemotionale Motivation p\u00e4dagogisch wertvoll.<\/span><\/p><p class=\"bodytext\"><span style=\"color: #808080;\">\u00a0<\/span><\/p><p class=\"bodytext\"><span style=\"color: #808080;\">Langes gemeinsames Lernen ist keine neue Erkenntnis, sondern in der Montessori-P\u00e4dagogik eine Selbstverst\u00e4ndlichkeit. Ideal ist eine gemeinsame Tr\u00e4gerschaft von Kindertagesst\u00e4tte, Grundschule und weiterf\u00fchrender Schule. <\/span><span style=\"color: #808080;\">Bei Montessori-Lehrer*innen sind besondere p\u00e4dagogische Beobachtungs- und Probleml\u00f6sungsf\u00e4higkeiten sowie charakterliche und ethische Grundeinstellungen wichtig. Die Basis hierf\u00fcr legt u. a. eine umfassende Montessori-Zusatzausbildung.<\/span><\/p><p class=\"bodytext\"><span style=\"color: #808080;\">\u00a0<\/span><\/p><p class=\"bodytext\"><span style=\"color: #808080;\">Die beschriebenen Prinzipien werden weltweit erfolgreich umgesetzt, so auch in Deutschland. Sie in der Praxis konsequent umzusetzen stellt wegen gesetzlicher und beh\u00f6rdlicher Einschr\u00e4nkungen h\u00e4ufig eine gro\u00dfe Herausforderung dar. Es gibt viele Beispiele in verschiedenen Bundesl\u00e4ndern, die die Machbarkeit demonstrieren, doch w\u00e4re ein gr\u00f6\u00dferer p\u00e4dagogischer Gestaltungsspielraum f\u00fcr Schulen wichtig.<\/span><\/p>\t\t\t\t\t\t\t\t<\/div>\n\t\t\t\t<\/div>\n\t\t\t\t\t<\/div>\n\t\t<\/div>\n\t\t\t\t\t<\/div>\n\t\t<\/section>\n\t\t\t\t<\/div>\n\t\t","protected":false},"excerpt":{"rendered":"<p>Die weltweit verbreitete Montessori-P\u00e4dagogik ist ein bew\u00e4hrtes p\u00e4dagogisches Konzept, das von der Fr\u00fchp\u00e4dagogik bis zur Berufseingliederung reicht. Sie begreift das Kind und den Jugendlichen in seiner individuellen lebensweltlichen Ganzheit und in seiner \u00f6kologischen Vernetzung. Damit [&hellip;]<\/p>\n","protected":false},"author":2,"featured_media":0,"parent":0,"menu_order":0,"comment_status":"closed","ping_status":"closed","template":"","meta":{"footnotes":""},"class_list":["post-46","page","type-page","status-publish","hentry"],"_links":{"self":[{"href":"https:\/\/www.montessori-baden-wuerttemberg.de\/index.php\/wp-json\/wp\/v2\/pages\/46","targetHints":{"allow":["GET"]}}],"collection":[{"href":"https:\/\/www.montessori-baden-wuerttemberg.de\/index.php\/wp-json\/wp\/v2\/pages"}],"about":[{"href":"https:\/\/www.montessori-baden-wuerttemberg.de\/index.php\/wp-json\/wp\/v2\/types\/page"}],"author":[{"embeddable":true,"href":"https:\/\/www.montessori-baden-wuerttemberg.de\/index.php\/wp-json\/wp\/v2\/users\/2"}],"replies":[{"embeddable":true,"href":"https:\/\/www.montessori-baden-wuerttemberg.de\/index.php\/wp-json\/wp\/v2\/comments?post=46"}],"version-history":[{"count":29,"href":"https:\/\/www.montessori-baden-wuerttemberg.de\/index.php\/wp-json\/wp\/v2\/pages\/46\/revisions"}],"predecessor-version":[{"id":3557,"href":"https:\/\/www.montessori-baden-wuerttemberg.de\/index.php\/wp-json\/wp\/v2\/pages\/46\/revisions\/3557"}],"wp:attachment":[{"href":"https:\/\/www.montessori-baden-wuerttemberg.de\/index.php\/wp-json\/wp\/v2\/media?parent=46"}],"curies":[{"name":"wp","href":"https:\/\/api.w.org\/{rel}","templated":true}]}}