{"id":39,"date":"2020-07-03T17:53:56","date_gmt":"2020-07-03T15:53:56","guid":{"rendered":"https:\/\/test.montessori-baden-wuerttemberg.de\/?page_id=39"},"modified":"2025-08-03T16:48:44","modified_gmt":"2025-08-03T14:48:44","slug":"impressum","status":"publish","type":"page","link":"https:\/\/www.montessori-baden-wuerttemberg.de\/index.php\/impressum\/","title":{"rendered":"Impressum"},"content":{"rendered":"\t\t<div data-elementor-type=\"wp-page\" data-elementor-id=\"39\" class=\"elementor elementor-39\">\n\t\t\t\t\t\t<section class=\"elementor-section elementor-top-section elementor-element elementor-element-5a76e73 elementor-section-boxed elementor-section-height-default elementor-section-height-default\" data-id=\"5a76e73\" data-element_type=\"section\">\n\t\t\t\t\t\t<div class=\"elementor-container elementor-column-gap-default\">\n\t\t\t\t\t<div class=\"elementor-column elementor-col-100 elementor-top-column elementor-element elementor-element-748236a\" data-id=\"748236a\" data-element_type=\"column\">\n\t\t\t<div class=\"elementor-widget-wrap elementor-element-populated\">\n\t\t\t\t\t\t<div class=\"elementor-element elementor-element-7a1085f elementor-widget elementor-widget-text-editor\" data-id=\"7a1085f\" data-element_type=\"widget\" data-widget_type=\"text-editor.default\">\n\t\t\t\t<div class=\"elementor-widget-container\">\n\t\t\t\t\t\t\t\t\t<div id=\"c380\" class=\"csc-default\"><p><span style=\"color: #808080;\"><strong>Angaben gem\u00e4\u00df \u00a7 5 TMG:<\/strong><\/span><\/p><p><span style=\"color: #808080;\">Montessori-Landesverband\u00a0 <\/span><span style=\"color: #808080;\">Baden-W\u00fcrttemberg e. V.<\/span><br \/><span style=\"color: #808080;\">Christa Kantner <\/span><\/p><p><span style=\"color: #808080;\">Friedhofstr. 59<\/span><br \/><span style=\"color: #808080;\">69231 Rauenberg<\/span><\/p><p>\u00a0<\/p><p><span style=\"color: #808080;\"><strong>Registereintrag:<\/strong><\/span><\/p><p><span style=\"color: #808080;\">Vereinsregister: VR 4655<\/span><br \/><span style=\"color: #808080;\">Registergericht: Amtsgericht Stuttgart, Hauffstra\u00dfe 5, 70190 Stuttgart<\/span><\/p><p>\u00a0<\/p><p><span style=\"color: #808080;\"><strong>Vertreten durch:<\/strong><\/span><\/p><p><span style=\"color: #808080;\">Erste Vorsitzende: Frau Christa Kantner<\/span><br \/><span style=\"color: #808080;\">Stellvertretende Vorsitzende: Frau Heidi Mitius<\/span><br \/><span style=\"color: #808080;\">Stellvertretende Vorsitzende: Frau Susanne Bertrand-Baumann<\/span><br \/><span style=\"color: #808080;\">Wirtschaftliche Gesch\u00e4ftf\u00fchrerin: Frau Martina Schuster<\/span><br \/><span style=\"color: #808080;\">P\u00e4dagogische Gesch\u00e4ftsf\u00fchrer: Elvira Hartmann und Werner Meininger<\/span><br \/><span style=\"color: #808080;\">Kassiererin: Frau Martina Schuster<\/span><br \/><span style=\"color: #808080;\">Schriftf\u00fchrerin: Frau Antje Stuberg<\/span><\/p><p>\u00a0<\/p><p><strong><span style=\"color: #808080;\">Kontakt<\/span><\/strong><\/p><p><span style=\"color: #808080;\">Christa Kantner\u00a0<\/span><br \/><span style=\"color: #808080;\">Telefon: 07253-22141<\/span><br \/><span style=\"color: #808080;\">E-Mail: info(at)mlv-bw.de<\/span><\/p><p>\u00a0<\/p><p><span style=\"color: #808080;\"><strong>Verantwortlich f\u00fcr den Inhalt nach \u00a7 55 Abs. 2 RStV:<\/strong><\/span><\/p><p><span style=\"color: #808080;\">Frau Christa Kantner<\/span><br \/><span style=\"color: #808080;\">Friedhofstr. 59<\/span><br \/><span style=\"color: #808080;\">69231 Rauenberg<\/span><br \/><span style=\"color: #808080;\">Telefon: 07253-22141<\/span><\/p><p>\u00a0<\/p><p><span style=\"color: #808080;\"><strong>sowie:\u00a0<\/strong> <\/span><\/p><p><span style=\"color: #808080;\">Antje Stuberg (Redaktion)<\/span><\/p><p><span style=\"color: #808080;\">Riedweg 3<\/span><\/p><p><span style=\"color: #808080;\">88284 Wolpertswende<\/span><\/p><p><span style=\"color: #808080;\">Tel. 07502-944894<\/span><\/p><p><span style=\"color: #808080;\">E-Mail: schriftfuehrung(at)mlv-bw.de<\/span><\/p><p>\u00a0<\/p><p><strong><span style=\"color: #808080;\">Verbraucherstreitbeilegung\/Universalschlichtungsstelle:<\/span><\/strong><\/p><p><span style=\"color: #808080;\">Die Europ\u00e4ische Kommission stellt eine Plattform zur Online-Streitbeilegung (OS) bereit: https:\/\/ec.europa.eu\/consumers\/odr. Unsere E-Mail-Adresse finden Sie oben im Impressum. Wir sind nicht bereit oder verpflichtet, an Streitbeilegungsverfahren vor einer<\/span><br \/><span style=\"color: #808080;\">Verbraucherschlichtungsstelle teilzunehmen.<\/span><\/p><p>\u00a0<\/p><p><span style=\"color: #808080;\"><strong>Haftung f\u00fcr Inhalte:<\/strong><\/span><br \/><span style=\"color: #808080;\">Als Diensteanbieter sind wir gem\u00e4\u00df \u00a7 7 Abs.1 DDG f\u00fcr eigene Inhalte auf diesen Seiten nach den allgemeinen Gesetzen verantwortlich. Nach \u00a75 DDG sind wir als Diensteanbieter jedoch nicht verpflichtet, \u00fcbermittelte oder gespeicherte fremde Informationen zu \u00fcberwachen oder nach Umst\u00e4nden zu forschen, die auf eine rechtswidrige T\u00e4tigkeit hinweisen.<\/span><\/p><p><span style=\"color: #808080;\">\u00a0<\/span><\/p><p><span style=\"color: #808080;\">Verpflichtungen zur Entfernung oder Sperrung der Nutzung von Informationen nach den allgemeinen Gesetzen bleiben hiervon unber\u00fchrt. Eine diesbez\u00fcgliche Haftung ist jedoch erst ab dem Zeitpunkt der Kenntnis einer konkreten Rechtsverletzung m\u00f6glich. Bei Bekanntwerden von entsprechenden Rechtsverletzungen werden wir diese Inhalte umgehend entfernen.<\/span><\/p><p><span style=\"color: #808080;\">\u00a0<\/span><\/p><p><span style=\"color: #808080;\"><strong>Haftung f\u00fcr Links:<\/strong><\/span><br \/><span style=\"color: #808080;\">Unsere Website enth\u00e4lt Links zu externen Websites Dritter, auf deren Inhalte wir keinen Einfluss haben. Deshalb k\u00f6nnen wir f\u00fcr diese fremden Inhalte auch keine Gew\u00e4hr \u00fcbernehmen. F\u00fcr die Inhalte der verlinkten Seiten ist stets der jeweilige Anbieter oder Betreiber der Seiten verantwortlich. Die verlinkten Seiten wurden zum Zeitpunkt der Verlinkung auf m\u00f6gliche Rechtsverst\u00f6\u00dfe \u00fcberpr\u00fcft. Rechtswidrige Inhalte waren zum Zeitpunkt der Verlinkung nicht erkennbar.<\/span><\/p><p><span style=\"color: #808080;\">Eine permanente inhaltliche Kontrolle der verlinkten Seiten ist jedoch ohne konkrete Anhaltspunkte einer Rechtsverletzung nicht zumutbar. Bei Bekanntwerden von Rechtsverletzungen werden wir derartige Links umgehend entfernen.<\/span><\/p><p><span style=\"color: #808080;\">\u00a0<\/span><\/p><p><span style=\"color: #808080;\"><strong>Urheberrecht:<\/strong><\/span><br \/><span style=\"color: #808080;\">Die durch die Seitenbetreiber erstellten Inhalte und Werke auf diesen Seiten unterliegen dem deutschen Urheberrecht. Die Vervielf\u00e4ltigung, Bearbeitung, Verbreitung und jede Art der Verwertung au\u00dferhalb der Grenzen des Urheberrechtes bed\u00fcrfen der schriftlichen Zustimmung des jeweiligen Autors bzw. Erstellers. Downloads und Kopien dieser Seite sind nur f\u00fcr den privaten, nicht kommerziellen Gebrauch gestattet.<\/span><\/p><p><span style=\"color: #808080;\">\u00a0<\/span><\/p><p><span style=\"color: #808080;\">Soweit die Inhalte auf dieser Seite nicht vom Betreiber erstellt wurden, werden die Urheberrechte Dritter beachtet. Insbesondere werden Inhalte Dritter als solche gekennzeichnet. Sollten Sie trotzdem auf eine Urheberrechtsverletzung aufmerksam werden, bitten wir um einen entsprechenden Hinweis. Bei Bekanntwerden von Rechtsverletzungen werden wir derartige Inhalte umgehend entfernen.<\/span><\/p><p class=\"bodytext\"><span style=\"color: #808080;\">\u00a0<\/span><\/p><p class=\"bodytext\"><span style=\"color: #808080;\">Die Homepage wurde im Rahmen eines F\u00f6rderprojektes der PH Weingarten und der Universit\u00e4t T\u00fcbingen erstellt (TRACK 4.0) in Zusammenarbeit mit der Webagentur Armin Danner.\u00a0<\/span><\/p><p><span style=\"color: #808080;\">Internet<strong>: <\/strong><\/span><span style=\"text-decoration: underline;\"><strong><a href=\"https:\/\/www.webagentur-danner.de\/\" target=\"_blank\" rel=\"noopener\"><span style=\"color: #ff9900; text-decoration: underline;\">http:\/\/www.webagentur-danner.de<\/span><\/a><\/strong><\/span><br \/><span style=\"color: #808080;\">E-Mail: <a style=\"color: #808080;\">info(at)webagentur-danner.de<\/a><\/span><\/p><p class=\"bodytext\"><span style=\"color: #808080;\">\u00a0<\/span><\/p><\/div><div id=\"c379\" class=\"csc-default\"><div id=\"c301\" class=\"csc-default\"><p><span style=\"color: #808080;\">Quelle:<\/span><br \/><span style=\"text-decoration: underline; color: #ff9900;\"><strong><a style=\"color: #ff9900; text-decoration: underline;\" href=\"https:\/\/www.e-recht24.de\">eRecht24<\/a><\/strong><\/span><\/p><\/div><\/div>\t\t\t\t\t\t\t\t<\/div>\n\t\t\t\t<\/div>\n\t\t\t\t\t<\/div>\n\t\t<\/div>\n\t\t\t\t\t<\/div>\n\t\t<\/section>\n\t\t\t\t<\/div>\n\t\t","protected":false},"excerpt":{"rendered":"<p>Angaben gem\u00e4\u00df \u00a7 5 TMG: Montessori-Landesverband\u00a0 Baden-W\u00fcrttemberg e. V.Christa Kantner Friedhofstr. 5969231 Rauenberg \u00a0 Registereintrag: Vereinsregister: VR 4655Registergericht: Amtsgericht Stuttgart, Hauffstra\u00dfe 5, 70190 Stuttgart \u00a0 Vertreten durch: Erste Vorsitzende: Frau Christa KantnerStellvertretende Vorsitzende: Frau Heidi [&hellip;]<\/p>\n","protected":false},"author":2,"featured_media":0,"parent":0,"menu_order":0,"comment_status":"closed","ping_status":"closed","template":"","meta":{"footnotes":""},"class_list":["post-39","page","type-page","status-publish","hentry"],"_links":{"self":[{"href":"https:\/\/www.montessori-baden-wuerttemberg.de\/index.php\/wp-json\/wp\/v2\/pages\/39","targetHints":{"allow":["GET"]}}],"collection":[{"href":"https:\/\/www.montessori-baden-wuerttemberg.de\/index.php\/wp-json\/wp\/v2\/pages"}],"about":[{"href":"https:\/\/www.montessori-baden-wuerttemberg.de\/index.php\/wp-json\/wp\/v2\/types\/page"}],"author":[{"embeddable":true,"href":"https:\/\/www.montessori-baden-wuerttemberg.de\/index.php\/wp-json\/wp\/v2\/users\/2"}],"replies":[{"embeddable":true,"href":"https:\/\/www.montessori-baden-wuerttemberg.de\/index.php\/wp-json\/wp\/v2\/comments?post=39"}],"version-history":[{"count":31,"href":"https:\/\/www.montessori-baden-wuerttemberg.de\/index.php\/wp-json\/wp\/v2\/pages\/39\/revisions"}],"predecessor-version":[{"id":6035,"href":"https:\/\/www.montessori-baden-wuerttemberg.de\/index.php\/wp-json\/wp\/v2\/pages\/39\/revisions\/6035"}],"wp:attachment":[{"href":"https:\/\/www.montessori-baden-wuerttemberg.de\/index.php\/wp-json\/wp\/v2\/media?parent=39"}],"curies":[{"name":"wp","href":"https:\/\/api.w.org\/{rel}","templated":true}]}}