{"id":3662,"date":"2022-04-03T07:43:55","date_gmt":"2022-04-03T05:43:55","guid":{"rendered":"https:\/\/www.montessori-baden-wuerttemberg.de\/?page_id=3662"},"modified":"2025-02-01T09:49:14","modified_gmt":"2025-02-01T08:49:14","slug":"einrichtungsverzeichnis","status":"publish","type":"page","link":"https:\/\/www.montessori-baden-wuerttemberg.de\/index.php\/einrichtungsverzeichnis\/","title":{"rendered":"Einrichtungsverzeichnis"},"content":{"rendered":"\t\t<div data-elementor-type=\"wp-page\" data-elementor-id=\"3662\" class=\"elementor elementor-3662\">\n\t\t\t\t\t\t<section class=\"elementor-section elementor-top-section elementor-element elementor-element-5d0b78a elementor-section-boxed elementor-section-height-default elementor-section-height-default\" data-id=\"5d0b78a\" data-element_type=\"section\">\n\t\t\t\t\t\t<div class=\"elementor-container elementor-column-gap-default\">\n\t\t\t\t\t<div class=\"elementor-column elementor-col-100 elementor-top-column elementor-element elementor-element-c1b0324\" data-id=\"c1b0324\" data-element_type=\"column\">\n\t\t\t<div class=\"elementor-widget-wrap elementor-element-populated\">\n\t\t\t\t\t\t<div class=\"elementor-element elementor-element-387e3cf elementor-widget elementor-widget-heading\" data-id=\"387e3cf\" data-element_type=\"widget\" data-widget_type=\"heading.default\">\n\t\t\t\t<div class=\"elementor-widget-container\">\n\t\t\t\t\t<h2 class=\"elementor-heading-title elementor-size-default\">Einrichtungstr\u00e4ger <\/h2>\t\t\t\t<\/div>\n\t\t\t\t<\/div>\n\t\t\t\t\t<\/div>\n\t\t<\/div>\n\t\t\t\t\t<\/div>\n\t\t<\/section>\n\t\t\t\t<section class=\"elementor-section elementor-top-section elementor-element elementor-element-76304d6 elementor-section-boxed elementor-section-height-default elementor-section-height-default\" data-id=\"76304d6\" data-element_type=\"section\">\n\t\t\t\t\t\t<div class=\"elementor-container elementor-column-gap-default\">\n\t\t\t\t\t<div class=\"elementor-column elementor-col-100 elementor-top-column elementor-element elementor-element-d646fa6\" data-id=\"d646fa6\" data-element_type=\"column\">\n\t\t\t<div class=\"elementor-widget-wrap elementor-element-populated\">\n\t\t\t\t\t\t<div class=\"elementor-element elementor-element-fbf0fb3 elementor-widget elementor-widget-spacer\" data-id=\"fbf0fb3\" data-element_type=\"widget\" data-widget_type=\"spacer.default\">\n\t\t\t\t<div class=\"elementor-widget-container\">\n\t\t\t\t\t\t\t<div class=\"elementor-spacer\">\n\t\t\t<div class=\"elementor-spacer-inner\"><\/div>\n\t\t<\/div>\n\t\t\t\t\t\t<\/div>\n\t\t\t\t<\/div>\n\t\t\t\t\t<\/div>\n\t\t<\/div>\n\t\t\t\t\t<\/div>\n\t\t<\/section>\n\t\t\t\t<section class=\"elementor-section elementor-top-section elementor-element elementor-element-0f84454 elementor-section-boxed elementor-section-height-default elementor-section-height-default\" data-id=\"0f84454\" data-element_type=\"section\">\n\t\t\t\t\t\t<div class=\"elementor-container elementor-column-gap-default\">\n\t\t\t\t\t<div class=\"elementor-column elementor-col-100 elementor-top-column elementor-element elementor-element-36f6527\" data-id=\"36f6527\" data-element_type=\"column\">\n\t\t\t<div class=\"elementor-widget-wrap elementor-element-populated\">\n\t\t\t\t\t\t<div class=\"elementor-element elementor-element-dbc2a60 elementor-widget elementor-widget-text-editor\" data-id=\"dbc2a60\" data-element_type=\"widget\" data-widget_type=\"text-editor.default\">\n\t\t\t\t<div class=\"elementor-widget-container\">\n\t\t\t\t\t\t\t\t\t<h3 style=\"text-align: center;\"><span style=\"color: #ff0000;\">Sind Sie auf der Suche<\/span><\/h3><h3 style=\"text-align: center;\"><span style=\"color: #ff0000;\">nach einer<\/span><\/h3><h3 style=\"text-align: center;\"><span style=\"color: #ff0000;\">montessori-orientierten Einrichtung?<\/span><\/h3>\t\t\t\t\t\t\t\t<\/div>\n\t\t\t\t<\/div>\n\t\t\t\t\t<\/div>\n\t\t<\/div>\n\t\t\t\t\t<\/div>\n\t\t<\/section>\n\t\t\t\t<section class=\"elementor-section elementor-top-section elementor-element elementor-element-e32b9e3 elementor-section-boxed elementor-section-height-default elementor-section-height-default\" data-id=\"e32b9e3\" data-element_type=\"section\">\n\t\t\t\t\t\t<div class=\"elementor-container elementor-column-gap-default\">\n\t\t\t\t\t<div class=\"elementor-column elementor-col-100 elementor-top-column elementor-element elementor-element-6ec2b73\" data-id=\"6ec2b73\" data-element_type=\"column\">\n\t\t\t<div class=\"elementor-widget-wrap elementor-element-populated\">\n\t\t\t\t\t\t<div class=\"elementor-element elementor-element-3330bc4 elementor-widget elementor-widget-spacer\" data-id=\"3330bc4\" data-element_type=\"widget\" data-widget_type=\"spacer.default\">\n\t\t\t\t<div class=\"elementor-widget-container\">\n\t\t\t\t\t\t\t<div class=\"elementor-spacer\">\n\t\t\t<div class=\"elementor-spacer-inner\"><\/div>\n\t\t<\/div>\n\t\t\t\t\t\t<\/div>\n\t\t\t\t<\/div>\n\t\t\t\t\t<\/div>\n\t\t<\/div>\n\t\t\t\t\t<\/div>\n\t\t<\/section>\n\t\t\t\t<section class=\"elementor-section elementor-top-section elementor-element elementor-element-d45c81f elementor-section-boxed elementor-section-height-default elementor-section-height-default\" data-id=\"d45c81f\" data-element_type=\"section\">\n\t\t\t\t\t\t<div class=\"elementor-container elementor-column-gap-default\">\n\t\t\t\t\t<div class=\"elementor-column elementor-col-100 elementor-top-column elementor-element elementor-element-9636527\" data-id=\"9636527\" data-element_type=\"column\">\n\t\t\t<div class=\"elementor-widget-wrap elementor-element-populated\">\n\t\t\t\t\t\t<div class=\"elementor-element elementor-element-7cd6d5c elementor-widget elementor-widget-text-editor\" data-id=\"7cd6d5c\" data-element_type=\"widget\" data-widget_type=\"text-editor.default\">\n\t\t\t\t<div class=\"elementor-widget-container\">\n\t\t\t\t\t\t\t\t\t<p><span style=\"color: #808080;\">Suchen Sie eine neue Arbeitsstelle? Haben Sie vielleicht ein Kind, welches in einem Montessori-Kinderhaus oder einer Montessori-Schule angemeldet werden soll? Oder interessiert es Sie einfach, wo \u00fcberall in Deutschlan montessori-orientierte Einrichtungen Einrichtungen zu finden sind? <\/span><\/p><p>\u00a0<\/p><p><span style=\"color: #808080;\">Dann haben Sie die M\u00f6glichkeit sich im\u00a0 Einrichtungsverzeichnis von Montessori Deutschland einen<\/span> <span style=\"text-decoration: underline;\"><span style=\"color: #ff9900; text-decoration: underline;\"><strong><a style=\"color: #ff9900; text-decoration: underline;\" href=\"https:\/\/www.montessori-deutschland.de\/ueber-uns\/einrichtungstraeger\/\">\u00dcberblick \u00fcber bestehende Einrichtungen und Einrichtungstr\u00e4ger<\/a><\/strong><\/span><\/span> <span style=\"color: #808080;\">zu verschaffen. Ganz gezielt k\u00f6nnen Sie hier auch Filter wie &#8222;Bundesland&#8220; oder &#8222;Stadt&#8220; eingeben und so Ihre Suche pr\u00e4zisieren. <br \/><\/span><\/p><p>\u00a0<\/p><p><span style=\"color: #808080;\">Wenn Sie sich mit dem Gedanken tragen, selbst eine montessori-orientierte Bildungseinrichtung zu gr\u00fcnden, wenden Sie sich bitte ebenfalls an den Bundesverband. Gr\u00fcndungsinitiativen haben einen Anspruch auf Unterst\u00fctzung. Auf der Homepage von <em>Montessori Deutschland<\/em> erfahren Sie auf der Seite<\/span> <span style=\"text-decoration: underline;\"><strong><span style=\"color: #ff9900; text-decoration: underline;\"><a style=\"color: #ff9900; text-decoration: underline;\" href=\"https:\/\/www.montessori-deutschland.de\/fuer-bildungseinrichtungen\/neugruendungen\/\">&#8222;Neugr\u00fcndungen&#8220;<\/a><\/span><\/strong><\/span><span style=\"color: #808080;\">, mit welchen\u00a0 Unterst\u00fctzungsm\u00f6glichkeiten Sie rechnen d\u00fcrfen.<br \/><\/span><\/p><p>\u00a0<\/p><p><span style=\"color: #808080;\">Im <span style=\"text-decoration: underline;\"><span style=\"color: #ff9900; text-decoration: underline;\"><a style=\"color: #ff9900; text-decoration: underline;\" href=\"https:\/\/www.montessori-deutschland.de\/fuer-paedagoginnen\/stellenportal\/\"><strong>Stellenportal von Montessori Deutschland<\/strong><\/a><\/span><\/span> erhalten Sie \u00fcberdies Auskunft dar\u00fcber, welche Stellen deutschlandweit derzeit ausgeschrieben sind. <\/span><\/p><p><strong><span style=\"color: #808080;\">Aktuelle Stellenangebote speziell f\u00fcr den s\u00fcddeutschen Raum finden Sie<\/span> <\/strong><span style=\"text-decoration: underline;\"><strong><span style=\"color: #ff9900; text-decoration: underline;\"><a style=\"color: #ff9900; text-decoration: underline;\" href=\"https:\/\/www.montessori-baden-wuerttemberg.de\/index.php\/jobs\/\">hier<\/a><\/span><\/strong><\/span><span style=\"color: #808080;\">. <\/span><\/p>\t\t\t\t\t\t\t\t<\/div>\n\t\t\t\t<\/div>\n\t\t\t\t\t<\/div>\n\t\t<\/div>\n\t\t\t\t\t<\/div>\n\t\t<\/section>\n\t\t\t\t<section class=\"elementor-section elementor-top-section elementor-element elementor-element-94c98fa elementor-section-boxed elementor-section-height-default elementor-section-height-default\" data-id=\"94c98fa\" data-element_type=\"section\">\n\t\t\t\t\t\t<div class=\"elementor-container elementor-column-gap-default\">\n\t\t\t\t\t<div class=\"elementor-column elementor-col-100 elementor-top-column elementor-element elementor-element-aa1a95e\" data-id=\"aa1a95e\" data-element_type=\"column\">\n\t\t\t<div class=\"elementor-widget-wrap elementor-element-populated\">\n\t\t\t\t\t\t<div class=\"elementor-element elementor-element-1ff9f82 elementor-widget elementor-widget-spacer\" data-id=\"1ff9f82\" data-element_type=\"widget\" data-widget_type=\"spacer.default\">\n\t\t\t\t<div class=\"elementor-widget-container\">\n\t\t\t\t\t\t\t<div class=\"elementor-spacer\">\n\t\t\t<div class=\"elementor-spacer-inner\"><\/div>\n\t\t<\/div>\n\t\t\t\t\t\t<\/div>\n\t\t\t\t<\/div>\n\t\t\t\t\t<\/div>\n\t\t<\/div>\n\t\t\t\t\t<\/div>\n\t\t<\/section>\n\t\t\t\t<section class=\"elementor-section elementor-top-section elementor-element elementor-element-62738aa elementor-section-boxed elementor-section-height-default elementor-section-height-default\" data-id=\"62738aa\" data-element_type=\"section\">\n\t\t\t\t\t\t<div class=\"elementor-container elementor-column-gap-default\">\n\t\t\t\t\t<div class=\"elementor-column elementor-col-100 elementor-top-column elementor-element elementor-element-2b67344\" data-id=\"2b67344\" data-element_type=\"column\">\n\t\t\t<div class=\"elementor-widget-wrap elementor-element-populated\">\n\t\t\t\t\t\t<div class=\"elementor-element elementor-element-6d802c5 elementor-widget-divider--view-line elementor-widget elementor-widget-divider\" data-id=\"6d802c5\" data-element_type=\"widget\" data-widget_type=\"divider.default\">\n\t\t\t\t<div class=\"elementor-widget-container\">\n\t\t\t\t\t\t\t<div class=\"elementor-divider\">\n\t\t\t<span class=\"elementor-divider-separator\">\n\t\t\t\t\t\t<\/span>\n\t\t<\/div>\n\t\t\t\t\t\t<\/div>\n\t\t\t\t<\/div>\n\t\t\t\t\t<\/div>\n\t\t<\/div>\n\t\t\t\t\t<\/div>\n\t\t<\/section>\n\t\t\t\t<\/div>\n\t\t","protected":false},"excerpt":{"rendered":"<p>Einrichtungstr\u00e4ger Sind Sie auf der Suche nach einer montessori-orientierten Einrichtung? Suchen Sie eine neue Arbeitsstelle? Haben Sie vielleicht ein Kind, welches in einem Montessori-Kinderhaus oder einer Montessori-Schule angemeldet werden soll? Oder interessiert es Sie einfach, [&hellip;]<\/p>\n","protected":false},"author":2,"featured_media":0,"parent":0,"menu_order":0,"comment_status":"closed","ping_status":"closed","template":"","meta":{"footnotes":""},"class_list":["post-3662","page","type-page","status-publish","hentry"],"_links":{"self":[{"href":"https:\/\/www.montessori-baden-wuerttemberg.de\/index.php\/wp-json\/wp\/v2\/pages\/3662","targetHints":{"allow":["GET"]}}],"collection":[{"href":"https:\/\/www.montessori-baden-wuerttemberg.de\/index.php\/wp-json\/wp\/v2\/pages"}],"about":[{"href":"https:\/\/www.montessori-baden-wuerttemberg.de\/index.php\/wp-json\/wp\/v2\/types\/page"}],"author":[{"embeddable":true,"href":"https:\/\/www.montessori-baden-wuerttemberg.de\/index.php\/wp-json\/wp\/v2\/users\/2"}],"replies":[{"embeddable":true,"href":"https:\/\/www.montessori-baden-wuerttemberg.de\/index.php\/wp-json\/wp\/v2\/comments?post=3662"}],"version-history":[{"count":10,"href":"https:\/\/www.montessori-baden-wuerttemberg.de\/index.php\/wp-json\/wp\/v2\/pages\/3662\/revisions"}],"predecessor-version":[{"id":5795,"href":"https:\/\/www.montessori-baden-wuerttemberg.de\/index.php\/wp-json\/wp\/v2\/pages\/3662\/revisions\/5795"}],"wp:attachment":[{"href":"https:\/\/www.montessori-baden-wuerttemberg.de\/index.php\/wp-json\/wp\/v2\/media?parent=3662"}],"curies":[{"name":"wp","href":"https:\/\/api.w.org\/{rel}","templated":true}]}}