{"id":35,"date":"2020-07-03T17:52:31","date_gmt":"2020-07-03T15:52:31","guid":{"rendered":"https:\/\/test.montessori-baden-wuerttemberg.de\/?page_id=35"},"modified":"2023-08-28T18:10:03","modified_gmt":"2023-08-28T16:10:03","slug":"unsere-angebote","status":"publish","type":"page","link":"https:\/\/www.montessori-baden-wuerttemberg.de\/index.php\/unsere-angebote\/","title":{"rendered":"Angebote"},"content":{"rendered":"\t\t<div data-elementor-type=\"wp-page\" data-elementor-id=\"35\" class=\"elementor elementor-35\">\n\t\t\t\t\t\t<section class=\"elementor-section elementor-top-section elementor-element elementor-element-8c8426d elementor-section-boxed elementor-section-height-default elementor-section-height-default\" data-id=\"8c8426d\" data-element_type=\"section\">\n\t\t\t\t\t\t<div class=\"elementor-container elementor-column-gap-default\">\n\t\t\t\t\t<div class=\"elementor-column elementor-col-100 elementor-top-column elementor-element elementor-element-2539507\" data-id=\"2539507\" data-element_type=\"column\">\n\t\t\t<div class=\"elementor-widget-wrap elementor-element-populated\">\n\t\t\t\t\t\t<div class=\"elementor-element elementor-element-62fbc19 elementor-widget elementor-widget-heading\" data-id=\"62fbc19\" data-element_type=\"widget\" data-widget_type=\"heading.default\">\n\t\t\t\t<div class=\"elementor-widget-container\">\n\t\t\t\t\t<h2 class=\"elementor-heading-title elementor-size-default\">Kompetenzen erweitern - Kontakte kn\u00fcpfen - \"up to date\" bleiben!<\/h2>\t\t\t\t<\/div>\n\t\t\t\t<\/div>\n\t\t\t\t<div class=\"elementor-element elementor-element-c6ba3a3 elementor-widget elementor-widget-spacer\" data-id=\"c6ba3a3\" data-element_type=\"widget\" data-widget_type=\"spacer.default\">\n\t\t\t\t<div class=\"elementor-widget-container\">\n\t\t\t\t\t\t\t<div class=\"elementor-spacer\">\n\t\t\t<div class=\"elementor-spacer-inner\"><\/div>\n\t\t<\/div>\n\t\t\t\t\t\t<\/div>\n\t\t\t\t<\/div>\n\t\t\t\t\t<\/div>\n\t\t<\/div>\n\t\t\t\t\t<\/div>\n\t\t<\/section>\n\t\t\t\t<section class=\"elementor-section elementor-top-section elementor-element elementor-element-7ad03ca elementor-section-boxed elementor-section-height-default elementor-section-height-default\" data-id=\"7ad03ca\" data-element_type=\"section\">\n\t\t\t\t\t\t<div class=\"elementor-container elementor-column-gap-default\">\n\t\t\t\t\t<div class=\"elementor-column elementor-col-100 elementor-top-column elementor-element elementor-element-fc4d39e\" data-id=\"fc4d39e\" data-element_type=\"column\">\n\t\t\t<div class=\"elementor-widget-wrap elementor-element-populated\">\n\t\t\t\t\t\t<div class=\"elementor-element elementor-element-d756c8a elementor-widget elementor-widget-text-editor\" data-id=\"d756c8a\" data-element_type=\"widget\" data-widget_type=\"text-editor.default\">\n\t\t\t\t<div class=\"elementor-widget-container\">\n\t\t\t\t\t\t\t\t\t<div><span style=\"color: #808080;\">Wenn Sie sehen, welch eine Bandbreite unterschiedlichster Angebote im Bundesland Baden-W\u00fcrttemberg, im s\u00fcddeutschen und im \u00fcberregionalen Raum in Sachen &#8222;Montessori&#8220; sowohl von unserem Landesverband als auch von anderen Verb\u00e4nden und Organisationen auf unserer Website pr\u00e4sentiert werden kann, werden Sie positiv \u00fcberrascht sein.<\/span><\/div><div>\u00a0<\/div><div><span style=\"color: #808080;\">Regelm\u00e4\u00dfig ver\u00f6ffentlichen wir Angebote im Bereich der <strong>Ausbildung<\/strong>\u00a0 (Diplomkurse, Zertifikatskurse, Montessori-Therapie) und interessante <strong>Weiterbildungsangebote<\/strong> (Vortr\u00e4ge, Fortbildungen, Arbeitskreise), die in den verschiedensten Regionen Baden-W\u00fcrttembergs stattfinden.<\/span><\/div><div>\u00a0<\/div><div><span style=\"color: #808080;\">Wir freuen uns, wenn wir auf diese Weise als Landesverband dazu beitragen k\u00f6nnen, dass Kontakte gekn\u00fcpft, Fragen gekl\u00e4rt und Kompetenzen erweitert werden.<\/span><\/div>\t\t\t\t\t\t\t\t<\/div>\n\t\t\t\t<\/div>\n\t\t\t\t\t<\/div>\n\t\t<\/div>\n\t\t\t\t\t<\/div>\n\t\t<\/section>\n\t\t\t\t<\/div>\n\t\t","protected":false},"excerpt":{"rendered":"<p>Kompetenzen erweitern &#8211; Kontakte kn\u00fcpfen &#8211; &#8222;up to date&#8220; bleiben! Wenn Sie sehen, welch eine Bandbreite unterschiedlichster Angebote im Bundesland Baden-W\u00fcrttemberg, im s\u00fcddeutschen und im \u00fcberregionalen Raum in Sachen &#8222;Montessori&#8220; sowohl von unserem Landesverband als [&hellip;]<\/p>\n","protected":false},"author":2,"featured_media":0,"parent":0,"menu_order":0,"comment_status":"closed","ping_status":"closed","template":"","meta":{"footnotes":""},"class_list":["post-35","page","type-page","status-publish","hentry"],"_links":{"self":[{"href":"https:\/\/www.montessori-baden-wuerttemberg.de\/index.php\/wp-json\/wp\/v2\/pages\/35","targetHints":{"allow":["GET"]}}],"collection":[{"href":"https:\/\/www.montessori-baden-wuerttemberg.de\/index.php\/wp-json\/wp\/v2\/pages"}],"about":[{"href":"https:\/\/www.montessori-baden-wuerttemberg.de\/index.php\/wp-json\/wp\/v2\/types\/page"}],"author":[{"embeddable":true,"href":"https:\/\/www.montessori-baden-wuerttemberg.de\/index.php\/wp-json\/wp\/v2\/users\/2"}],"replies":[{"embeddable":true,"href":"https:\/\/www.montessori-baden-wuerttemberg.de\/index.php\/wp-json\/wp\/v2\/comments?post=35"}],"version-history":[{"count":27,"href":"https:\/\/www.montessori-baden-wuerttemberg.de\/index.php\/wp-json\/wp\/v2\/pages\/35\/revisions"}],"predecessor-version":[{"id":5046,"href":"https:\/\/www.montessori-baden-wuerttemberg.de\/index.php\/wp-json\/wp\/v2\/pages\/35\/revisions\/5046"}],"wp:attachment":[{"href":"https:\/\/www.montessori-baden-wuerttemberg.de\/index.php\/wp-json\/wp\/v2\/media?parent=35"}],"curies":[{"name":"wp","href":"https:\/\/api.w.org\/{rel}","templated":true}]}}