{"id":26,"date":"2020-07-03T17:49:59","date_gmt":"2020-07-03T15:49:59","guid":{"rendered":"https:\/\/test.montessori-baden-wuerttemberg.de\/?page_id=26"},"modified":"2020-09-06T22:40:45","modified_gmt":"2020-09-06T20:40:45","slug":"montessori-paedagogik","status":"publish","type":"page","link":"https:\/\/www.montessori-baden-wuerttemberg.de\/index.php\/montessori-paedagogik\/","title":{"rendered":"Montessori-P\u00e4dagogik"},"content":{"rendered":"\t\t<div data-elementor-type=\"wp-page\" data-elementor-id=\"26\" class=\"elementor elementor-26\">\n\t\t\t\t\t\t<section class=\"elementor-section elementor-top-section elementor-element elementor-element-26bfdbd elementor-section-boxed elementor-section-height-default elementor-section-height-default\" data-id=\"26bfdbd\" data-element_type=\"section\">\n\t\t\t\t\t\t<div class=\"elementor-container elementor-column-gap-default\">\n\t\t\t\t\t<div class=\"elementor-column elementor-col-100 elementor-top-column elementor-element elementor-element-9b5d6ac\" data-id=\"9b5d6ac\" data-element_type=\"column\">\n\t\t\t<div class=\"elementor-widget-wrap elementor-element-populated\">\n\t\t\t\t\t\t<div class=\"elementor-element elementor-element-e0455b0 elementor-widget elementor-widget-video\" data-id=\"e0455b0\" data-element_type=\"widget\" data-settings=\"{&quot;youtube_url&quot;:&quot;https:\\\/\\\/www.youtube.com\\\/watch?v=UK7QFFEJkMk&quot;,&quot;yt_privacy&quot;:&quot;yes&quot;,&quot;video_type&quot;:&quot;youtube&quot;,&quot;controls&quot;:&quot;yes&quot;}\" data-widget_type=\"video.default\">\n\t\t\t\t<div class=\"elementor-widget-container\">\n\t\t\t\t\t\t\t<div class=\"elementor-wrapper elementor-open-inline\">\n\t\t\t<div class=\"elementor-video\"><\/div>\t\t<\/div>\n\t\t\t\t\t\t<\/div>\n\t\t\t\t<\/div>\n\t\t\t\t<div class=\"elementor-element elementor-element-b3c3080 elementor-widget elementor-widget-spacer\" data-id=\"b3c3080\" data-element_type=\"widget\" data-widget_type=\"spacer.default\">\n\t\t\t\t<div class=\"elementor-widget-container\">\n\t\t\t\t\t\t\t<div class=\"elementor-spacer\">\n\t\t\t<div class=\"elementor-spacer-inner\"><\/div>\n\t\t<\/div>\n\t\t\t\t\t\t<\/div>\n\t\t\t\t<\/div>\n\t\t\t\t\t<\/div>\n\t\t<\/div>\n\t\t\t\t\t<\/div>\n\t\t<\/section>\n\t\t\t\t<section class=\"elementor-section elementor-top-section elementor-element elementor-element-230de25 elementor-section-boxed elementor-section-height-default elementor-section-height-default\" data-id=\"230de25\" data-element_type=\"section\">\n\t\t\t\t\t\t<div class=\"elementor-container elementor-column-gap-default\">\n\t\t\t\t\t<div class=\"elementor-column elementor-col-100 elementor-top-column elementor-element elementor-element-5350400\" data-id=\"5350400\" data-element_type=\"column\">\n\t\t\t<div class=\"elementor-widget-wrap elementor-element-populated\">\n\t\t\t\t\t\t<div class=\"elementor-element elementor-element-cd17c76 elementor-widget elementor-widget-text-editor\" data-id=\"cd17c76\" data-element_type=\"widget\" data-widget_type=\"text-editor.default\">\n\t\t\t\t<div class=\"elementor-widget-container\">\n\t\t\t\t\t\t\t\t\t<p class=\"bodytext\"><span style=\"color: #808080;\">Das Interesse von Eltern und P\u00e4dagog*innen an der Montessori-P\u00e4dagogik erscheint st\u00e4rker denn je. Doch was macht die Montessori-P\u00e4dagogik attraktiv?<\/span><\/p><p class=\"bodytext\"><span style=\"color: #808080;\">\u00a0<\/span><\/p><p class=\"bodytext\"><span style=\"color: #808080;\">Die Montessori-P\u00e4dagogik geht auf die italienische \u00c4rztin und P\u00e4dagogin Maria Montessori (1870-1952) zur\u00fcck. Sie hat dieses Konzept, urspr\u00fcnglich aus ihrer T\u00e4tigkeit als \u00c4rztin und dann als P\u00e4dagogin, kontinuierlich bis ins hohe Alter entwickelt und \u00fcberpr\u00fcft. Montessori definierte die Lehrer- und Sch\u00fclerrolle neu und entwickelte moderne Unterrichtsformen und didaktisches Arbeitsmaterial f\u00fcr eine &#8222;vorbereitete Umgebung&#8220;. Zusammen geben diese dem kindlichen Forschungs- und Entwicklungsdrang Raum und erm\u00f6glichen selbstbestimmtes Lernen.<\/span><\/p>\t\t\t\t\t\t\t\t<\/div>\n\t\t\t\t<\/div>\n\t\t\t\t<div class=\"elementor-element elementor-element-61cfe16 elementor-widget elementor-widget-spacer\" data-id=\"61cfe16\" data-element_type=\"widget\" data-widget_type=\"spacer.default\">\n\t\t\t\t<div class=\"elementor-widget-container\">\n\t\t\t\t\t\t\t<div class=\"elementor-spacer\">\n\t\t\t<div class=\"elementor-spacer-inner\"><\/div>\n\t\t<\/div>\n\t\t\t\t\t\t<\/div>\n\t\t\t\t<\/div>\n\t\t\t\t\t<\/div>\n\t\t<\/div>\n\t\t\t\t\t<\/div>\n\t\t<\/section>\n\t\t\t\t<section class=\"elementor-section elementor-top-section elementor-element elementor-element-e618596 elementor-section-boxed elementor-section-height-default elementor-section-height-default\" data-id=\"e618596\" data-element_type=\"section\">\n\t\t\t\t\t\t<div class=\"elementor-container elementor-column-gap-default\">\n\t\t\t\t\t<div class=\"elementor-column elementor-col-33 elementor-top-column elementor-element elementor-element-a5b5770\" data-id=\"a5b5770\" data-element_type=\"column\">\n\t\t\t<div class=\"elementor-widget-wrap elementor-element-populated\">\n\t\t\t\t\t\t<div class=\"elementor-element elementor-element-cb89300 elementor-widget elementor-widget-image\" data-id=\"cb89300\" data-element_type=\"widget\" data-widget_type=\"image.default\">\n\t\t\t\t<div class=\"elementor-widget-container\">\n\t\t\t\t\t\t\t\t\t\t\t\t<figure class=\"wp-caption\">\n\t\t\t\t\t\t\t\t\t\t\t<a href=\"https:\/\/www.montessori-baden-wuerttemberg.de\/wp-content\/uploads\/2020\/07\/20200720_161630-scaled.jpg\" data-elementor-open-lightbox=\"yes\" data-elementor-lightbox-title=\"Farbt\u00e4felchen\" data-e-action-hash=\"#elementor-action%3Aaction%3Dlightbox%26settings%3DeyJpZCI6Mzc4LCJ1cmwiOiJodHRwczpcL1wvd3d3Lm1vbnRlc3NvcmktYmFkZW4td3VlcnR0ZW1iZXJnLmRlXC93cC1jb250ZW50XC91cGxvYWRzXC8yMDIwXC8wN1wvMjAyMDA3MjBfMTYxNjMwLXNjYWxlZC5qcGcifQ%3D%3D\">\n\t\t\t\t\t\t\t<img fetchpriority=\"high\" decoding=\"async\" width=\"768\" height=\"1024\" src=\"https:\/\/www.montessori-baden-wuerttemberg.de\/wp-content\/uploads\/2020\/07\/20200720_161630-768x1024.jpg\" class=\"attachment-large size-large wp-image-378\" alt=\"\" srcset=\"https:\/\/www.montessori-baden-wuerttemberg.de\/wp-content\/uploads\/2020\/07\/20200720_161630-768x1024.jpg 768w, https:\/\/www.montessori-baden-wuerttemberg.de\/wp-content\/uploads\/2020\/07\/20200720_161630-225x300.jpg 225w, https:\/\/www.montessori-baden-wuerttemberg.de\/wp-content\/uploads\/2020\/07\/20200720_161630-1152x1536.jpg 1152w, https:\/\/www.montessori-baden-wuerttemberg.de\/wp-content\/uploads\/2020\/07\/20200720_161630-1536x2048.jpg 1536w, https:\/\/www.montessori-baden-wuerttemberg.de\/wp-content\/uploads\/2020\/07\/20200720_161630-830x1107.jpg 830w, https:\/\/www.montessori-baden-wuerttemberg.de\/wp-content\/uploads\/2020\/07\/20200720_161630-230x307.jpg 230w, https:\/\/www.montessori-baden-wuerttemberg.de\/wp-content\/uploads\/2020\/07\/20200720_161630-350x467.jpg 350w, https:\/\/www.montessori-baden-wuerttemberg.de\/wp-content\/uploads\/2020\/07\/20200720_161630-480x640.jpg 480w, https:\/\/www.montessori-baden-wuerttemberg.de\/wp-content\/uploads\/2020\/07\/20200720_161630-scaled.jpg 1920w\" sizes=\"(max-width: 768px) 100vw, 768px\" \/>\t\t\t\t\t\t\t\t<\/a>\n\t\t\t\t\t\t\t\t\t\t\t<figcaption class=\"widget-image-caption wp-caption-text\">Sinnesmaterial Farbt\u00e4felchen<\/figcaption>\n\t\t\t\t\t\t\t\t\t\t<\/figure>\n\t\t\t\t\t\t\t\t\t<\/div>\n\t\t\t\t<\/div>\n\t\t\t\t\t<\/div>\n\t\t<\/div>\n\t\t\t\t<div class=\"elementor-column elementor-col-33 elementor-top-column elementor-element elementor-element-10e8bcf\" data-id=\"10e8bcf\" data-element_type=\"column\">\n\t\t\t<div class=\"elementor-widget-wrap elementor-element-populated\">\n\t\t\t\t\t\t<div class=\"elementor-element elementor-element-e07ff3d elementor-widget elementor-widget-image\" data-id=\"e07ff3d\" data-element_type=\"widget\" data-widget_type=\"image.default\">\n\t\t\t\t<div class=\"elementor-widget-container\">\n\t\t\t\t\t\t\t\t\t\t\t\t<figure class=\"wp-caption\">\n\t\t\t\t\t\t\t\t\t\t\t<a href=\"https:\/\/www.montessori-baden-wuerttemberg.de\/wp-content\/uploads\/2020\/07\/20200720_165924-scaled.jpg\" data-elementor-open-lightbox=\"yes\" data-elementor-lightbox-title=\"Geometrische K\u00f6rper\" data-e-action-hash=\"#elementor-action%3Aaction%3Dlightbox%26settings%3DeyJpZCI6Mzc5LCJ1cmwiOiJodHRwczpcL1wvd3d3Lm1vbnRlc3NvcmktYmFkZW4td3VlcnR0ZW1iZXJnLmRlXC93cC1jb250ZW50XC91cGxvYWRzXC8yMDIwXC8wN1wvMjAyMDA3MjBfMTY1OTI0LXNjYWxlZC5qcGcifQ%3D%3D\">\n\t\t\t\t\t\t\t<img decoding=\"async\" width=\"768\" height=\"1024\" src=\"https:\/\/www.montessori-baden-wuerttemberg.de\/wp-content\/uploads\/2020\/07\/20200720_165924-768x1024.jpg\" class=\"attachment-large size-large wp-image-379\" alt=\"\" srcset=\"https:\/\/www.montessori-baden-wuerttemberg.de\/wp-content\/uploads\/2020\/07\/20200720_165924-768x1024.jpg 768w, https:\/\/www.montessori-baden-wuerttemberg.de\/wp-content\/uploads\/2020\/07\/20200720_165924-225x300.jpg 225w, https:\/\/www.montessori-baden-wuerttemberg.de\/wp-content\/uploads\/2020\/07\/20200720_165924-1152x1536.jpg 1152w, https:\/\/www.montessori-baden-wuerttemberg.de\/wp-content\/uploads\/2020\/07\/20200720_165924-1536x2048.jpg 1536w, https:\/\/www.montessori-baden-wuerttemberg.de\/wp-content\/uploads\/2020\/07\/20200720_165924-830x1107.jpg 830w, https:\/\/www.montessori-baden-wuerttemberg.de\/wp-content\/uploads\/2020\/07\/20200720_165924-230x307.jpg 230w, https:\/\/www.montessori-baden-wuerttemberg.de\/wp-content\/uploads\/2020\/07\/20200720_165924-350x467.jpg 350w, https:\/\/www.montessori-baden-wuerttemberg.de\/wp-content\/uploads\/2020\/07\/20200720_165924-480x640.jpg 480w, https:\/\/www.montessori-baden-wuerttemberg.de\/wp-content\/uploads\/2020\/07\/20200720_165924-scaled.jpg 1920w\" sizes=\"(max-width: 768px) 100vw, 768px\" \/>\t\t\t\t\t\t\t\t<\/a>\n\t\t\t\t\t\t\t\t\t\t\t<figcaption class=\"widget-image-caption wp-caption-text\">Geometrische K\u00f6rper<\/figcaption>\n\t\t\t\t\t\t\t\t\t\t<\/figure>\n\t\t\t\t\t\t\t\t\t<\/div>\n\t\t\t\t<\/div>\n\t\t\t\t\t<\/div>\n\t\t<\/div>\n\t\t\t\t<div class=\"elementor-column elementor-col-33 elementor-top-column elementor-element elementor-element-ea84421\" data-id=\"ea84421\" data-element_type=\"column\">\n\t\t\t<div class=\"elementor-widget-wrap elementor-element-populated\">\n\t\t\t\t\t\t<div class=\"elementor-element elementor-element-0e8d220 elementor-widget elementor-widget-image\" data-id=\"0e8d220\" data-element_type=\"widget\" data-widget_type=\"image.default\">\n\t\t\t\t<div class=\"elementor-widget-container\">\n\t\t\t\t\t\t\t\t\t\t\t\t<figure class=\"wp-caption\">\n\t\t\t\t\t\t\t\t\t\t\t<a href=\"https:\/\/www.montessori-baden-wuerttemberg.de\/wp-content\/uploads\/2020\/07\/20200720_171329-scaled.jpg\" data-elementor-open-lightbox=\"yes\" data-elementor-lightbox-title=\"Schreiben Lernen\" data-e-action-hash=\"#elementor-action%3Aaction%3Dlightbox%26settings%3DeyJpZCI6MzgwLCJ1cmwiOiJodHRwczpcL1wvd3d3Lm1vbnRlc3NvcmktYmFkZW4td3VlcnR0ZW1iZXJnLmRlXC93cC1jb250ZW50XC91cGxvYWRzXC8yMDIwXC8wN1wvMjAyMDA3MjBfMTcxMzI5LXNjYWxlZC5qcGcifQ%3D%3D\">\n\t\t\t\t\t\t\t<img decoding=\"async\" width=\"768\" height=\"1024\" src=\"https:\/\/www.montessori-baden-wuerttemberg.de\/wp-content\/uploads\/2020\/07\/20200720_171329-768x1024.jpg\" class=\"attachment-large size-large wp-image-380\" alt=\"\" srcset=\"https:\/\/www.montessori-baden-wuerttemberg.de\/wp-content\/uploads\/2020\/07\/20200720_171329-768x1024.jpg 768w, https:\/\/www.montessori-baden-wuerttemberg.de\/wp-content\/uploads\/2020\/07\/20200720_171329-225x300.jpg 225w, https:\/\/www.montessori-baden-wuerttemberg.de\/wp-content\/uploads\/2020\/07\/20200720_171329-1152x1536.jpg 1152w, https:\/\/www.montessori-baden-wuerttemberg.de\/wp-content\/uploads\/2020\/07\/20200720_171329-1536x2048.jpg 1536w, https:\/\/www.montessori-baden-wuerttemberg.de\/wp-content\/uploads\/2020\/07\/20200720_171329-830x1107.jpg 830w, https:\/\/www.montessori-baden-wuerttemberg.de\/wp-content\/uploads\/2020\/07\/20200720_171329-230x307.jpg 230w, https:\/\/www.montessori-baden-wuerttemberg.de\/wp-content\/uploads\/2020\/07\/20200720_171329-350x467.jpg 350w, https:\/\/www.montessori-baden-wuerttemberg.de\/wp-content\/uploads\/2020\/07\/20200720_171329-480x640.jpg 480w, https:\/\/www.montessori-baden-wuerttemberg.de\/wp-content\/uploads\/2020\/07\/20200720_171329-scaled.jpg 1920w\" sizes=\"(max-width: 768px) 100vw, 768px\" \/>\t\t\t\t\t\t\t\t<\/a>\n\t\t\t\t\t\t\t\t\t\t\t<figcaption class=\"widget-image-caption wp-caption-text\">Schreiben lernen<\/figcaption>\n\t\t\t\t\t\t\t\t\t\t<\/figure>\n\t\t\t\t\t\t\t\t\t<\/div>\n\t\t\t\t<\/div>\n\t\t\t\t\t<\/div>\n\t\t<\/div>\n\t\t\t\t\t<\/div>\n\t\t<\/section>\n\t\t\t\t<section class=\"elementor-section elementor-top-section elementor-element elementor-element-abf1a20 elementor-section-boxed elementor-section-height-default elementor-section-height-default\" data-id=\"abf1a20\" data-element_type=\"section\">\n\t\t\t\t\t\t<div class=\"elementor-container elementor-column-gap-default\">\n\t\t\t\t\t<div class=\"elementor-column elementor-col-100 elementor-top-column elementor-element elementor-element-10d2328\" data-id=\"10d2328\" data-element_type=\"column\">\n\t\t\t<div class=\"elementor-widget-wrap elementor-element-populated\">\n\t\t\t\t\t\t<div class=\"elementor-element elementor-element-6601a90 elementor-widget elementor-widget-text-editor\" data-id=\"6601a90\" data-element_type=\"widget\" data-widget_type=\"text-editor.default\">\n\t\t\t\t<div class=\"elementor-widget-container\">\n\t\t\t\t\t\t\t\t\t<p><span style=\"color: #808080;\">Durch zahlreiche Vortragsveranstaltungen und gezielte Ausbildungst\u00e4tigkeit gelang es Maria Montessori P\u00e4dagoginnen und P\u00e4dagogen aus verschiedensten L\u00e4ndern f\u00fcr ihre Ideen zu gewinnen.\u00a0In einer \u00fcber hundertj\u00e4hrigen Praxis haben sich ihre Prinzipien weltweit bew\u00e4hrt und\u00a0gelten als wesentliche Voraussetzungen f\u00fcr nachhaltiges Lernen und eine tragf\u00e4hige Bildung.\u00a0Lange vor PISA f\u00fchrte Montessori alters- und leistungsgemischte Klassen ein.\u00a0Viele ihrer Erkenntnisse sind mittlerweile empirisch durch Studien der modernen Hirnforschung best\u00e4tigt (vgl. Studien von Gerald H\u00fcther, Manfred Spitzer, Remo Largo u. a.).<\/span><\/p><p><span style=\"color: #808080;\">\u00a0<\/span><\/p><p><span style=\"color: #808080;\">Immer \u00f6fter werden in der aktuellen Diskussion \u00fcber die Fortentwicklung des Schulwesens Elemente der Montessori-P\u00e4dagogik als M\u00f6glichkeit zur besseren Entwicklung des Leistungspotentials angef\u00fchrt.\u00a0Insbesondere im Hinblick auf die zunehmende Heterogenit\u00e4t von Sch\u00fclergruppen oder im Hinblick auf Inklusion bietet die Montessori-P\u00e4dagogik praktizierbare, zielgerichtete und erfolgsversprechende F\u00f6rderkonzepte.\u00a0Zahlreiche\u00a0<span style=\"color: #ff9900;\"><a style=\"color: #ff9900;\" href=\"https:\/\/www.montessori-baden-wuerttemberg.de\/index.php\/literatur\/\" target=\"_blank\" rel=\"noopener\"><strong><span style=\"text-decoration: underline;\">Ver\u00f6ffentlichungen<\/span><\/strong><\/a><\/span>\u00a0sind erschienen und belegen die Bedeutsamkeit dieser P\u00e4dagogik f\u00fcr das deutsche Bildungswesen.<\/span><\/p>\t\t\t\t\t\t\t\t<\/div>\n\t\t\t\t<\/div>\n\t\t\t\t\t<\/div>\n\t\t<\/div>\n\t\t\t\t\t<\/div>\n\t\t<\/section>\n\t\t\t\t<\/div>\n\t\t","protected":false},"excerpt":{"rendered":"<p>Das Interesse von Eltern und P\u00e4dagog*innen an der Montessori-P\u00e4dagogik erscheint st\u00e4rker denn je. Doch was macht die Montessori-P\u00e4dagogik attraktiv? \u00a0 Die Montessori-P\u00e4dagogik geht auf die italienische \u00c4rztin und P\u00e4dagogin Maria Montessori (1870-1952) zur\u00fcck. Sie hat [&hellip;]<\/p>\n","protected":false},"author":2,"featured_media":0,"parent":0,"menu_order":0,"comment_status":"closed","ping_status":"closed","template":"","meta":{"footnotes":""},"class_list":["post-26","page","type-page","status-publish","hentry"],"_links":{"self":[{"href":"https:\/\/www.montessori-baden-wuerttemberg.de\/index.php\/wp-json\/wp\/v2\/pages\/26","targetHints":{"allow":["GET"]}}],"collection":[{"href":"https:\/\/www.montessori-baden-wuerttemberg.de\/index.php\/wp-json\/wp\/v2\/pages"}],"about":[{"href":"https:\/\/www.montessori-baden-wuerttemberg.de\/index.php\/wp-json\/wp\/v2\/types\/page"}],"author":[{"embeddable":true,"href":"https:\/\/www.montessori-baden-wuerttemberg.de\/index.php\/wp-json\/wp\/v2\/users\/2"}],"replies":[{"embeddable":true,"href":"https:\/\/www.montessori-baden-wuerttemberg.de\/index.php\/wp-json\/wp\/v2\/comments?post=26"}],"version-history":[{"count":47,"href":"https:\/\/www.montessori-baden-wuerttemberg.de\/index.php\/wp-json\/wp\/v2\/pages\/26\/revisions"}],"predecessor-version":[{"id":1687,"href":"https:\/\/www.montessori-baden-wuerttemberg.de\/index.php\/wp-json\/wp\/v2\/pages\/26\/revisions\/1687"}],"wp:attachment":[{"href":"https:\/\/www.montessori-baden-wuerttemberg.de\/index.php\/wp-json\/wp\/v2\/media?parent=26"}],"curies":[{"name":"wp","href":"https:\/\/api.w.org\/{rel}","templated":true}]}}